{"id":12654,"date":"2025-02-23T15:53:18","date_gmt":"2025-02-23T15:53:18","guid":{"rendered":"https:\/\/x1eg-staging.duckrabbit.ch\/produit\/les-grands-explorateurs-la-banquise-96-pieces-3\/"},"modified":"2025-06-10T10:32:49","modified_gmt":"2025-06-10T10:32:49","slug":"les-grands-explorateurs-la-banquise-96-pieces-3","status":"publish","type":"product","link":"https:\/\/x1eg-staging.duckrabbit.ch\/it\/produit\/les-grands-explorateurs-la-banquise-96-pieces-3\/","title":{"rendered":"Les Grands Explorateurs &#8211; La Banquise 96 Pi\u00e8ces"},"content":{"rendered":"","protected":false},"excerpt":{"rendered":"<p>Un puzzle de 96 pi\u00e8ces illustrant \u00e0 l&#8217;aquarelle les fabuleux animaux de la banquise\u2026 Le puzzle est rang\u00e9 dans un joli tube illustr\u00e9 o\u00f9 l&#8217;on retrouve un poster avec un imagier au dos, et une loupe pour observer la sc\u00e8ne de plus pr\u00e8s !<\/p>\n","protected":false},"featured_media":2868,"comment_status":"closed","ping_status":"closed","template":"","meta":[],"product_brand":[],"product_cat":[25,29],"product_tag":[],"boxes-ages":[],"class_list":{"0":"post-12654","1":"product","2":"type-product","3":"status-publish","4":"has-post-thumbnail","6":"product_cat-memoire","7":"product_cat-motricite","9":"first","10":"instock","11":"taxable","12":"shipping-taxable","13":"purchasable","14":"product-type-simple"},"_links":{"self":[{"href":"https:\/\/x1eg-staging.duckrabbit.ch\/it\/wp-json\/wp\/v2\/product\/12654","targetHints":{"allow":["GET"]}}],"collection":[{"href":"https:\/\/x1eg-staging.duckrabbit.ch\/it\/wp-json\/wp\/v2\/product"}],"about":[{"href":"https:\/\/x1eg-staging.duckrabbit.ch\/it\/wp-json\/wp\/v2\/types\/product"}],"replies":[{"embeddable":true,"href":"https:\/\/x1eg-staging.duckrabbit.ch\/it\/wp-json\/wp\/v2\/comments?post=12654"}],"version-history":[{"count":0,"href":"https:\/\/x1eg-staging.duckrabbit.ch\/it\/wp-json\/wp\/v2\/product\/12654\/revisions"}],"wp:featuredmedia":[{"embeddable":true,"href":"https:\/\/x1eg-staging.duckrabbit.ch\/it\/wp-json\/wp\/v2\/media\/2868"}],"wp:attachment":[{"href":"https:\/\/x1eg-staging.duckrabbit.ch\/it\/wp-json\/wp\/v2\/media?parent=12654"}],"wp:term":[{"taxonomy":"product_brand","embeddable":true,"href":"https:\/\/x1eg-staging.duckrabbit.ch\/it\/wp-json\/wp\/v2\/product_brand?post=12654"},{"taxonomy":"product_cat","embeddable":true,"href":"https:\/\/x1eg-staging.duckrabbit.ch\/it\/wp-json\/wp\/v2\/product_cat?post=12654"},{"taxonomy":"product_tag","embeddable":true,"href":"https:\/\/x1eg-staging.duckrabbit.ch\/it\/wp-json\/wp\/v2\/product_tag?post=12654"},{"taxonomy":"boxes-ages","embeddable":true,"href":"https:\/\/x1eg-staging.duckrabbit.ch\/it\/wp-json\/wp\/v2\/boxes-ages?post=12654"}],"curies":[{"name":"wp","href":"https:\/\/api.w.org\/{rel}","templated":true}]}}