{"id":12626,"date":"2025-02-23T15:53:47","date_gmt":"2025-02-23T15:53:47","guid":{"rendered":"https:\/\/x1eg-staging.duckrabbit.ch\/produit\/puzzle-duo-contraires-2\/"},"modified":"2025-06-10T10:32:47","modified_gmt":"2025-06-10T10:32:47","slug":"puzzle-duo-contraires-2","status":"publish","type":"product","link":"https:\/\/x1eg-staging.duckrabbit.ch\/it\/produit\/puzzle-duo-contraires-2\/","title":{"rendered":"Puzzle Duo &#8211; Contraires"},"content":{"rendered":"","protected":false},"excerpt":{"rendered":"<p>Le puzzle Duo Les Contraires est un jouet polyvalent permettant de stimuler le d\u00e9veloppement des petits d\u00e8s 2 ans. Le set contient 12 puzzles compos\u00e9s chacun de 2 pi\u00e8ces. Qui trouvera les contraires ? Les couleurs et les motifs sont d&#8217;une grande aide. Ces puzzles en carton robuste stimulent non seulement la motricit\u00e9, mais aussi la compr\u00e9hension des formes, des couleurs et des humeurs.<\/p>\n","protected":false},"featured_media":2920,"comment_status":"closed","ping_status":"closed","template":"","meta":[],"product_brand":[],"product_cat":[23,24],"product_tag":[],"boxes-ages":[],"class_list":{"0":"post-12626","1":"product","2":"type-product","3":"status-publish","4":"has-post-thumbnail","6":"product_cat-fonctions-executives","7":"product_cat-langage","9":"first","10":"instock","11":"taxable","12":"shipping-taxable","13":"purchasable","14":"product-type-simple"},"_links":{"self":[{"href":"https:\/\/x1eg-staging.duckrabbit.ch\/it\/wp-json\/wp\/v2\/product\/12626","targetHints":{"allow":["GET"]}}],"collection":[{"href":"https:\/\/x1eg-staging.duckrabbit.ch\/it\/wp-json\/wp\/v2\/product"}],"about":[{"href":"https:\/\/x1eg-staging.duckrabbit.ch\/it\/wp-json\/wp\/v2\/types\/product"}],"replies":[{"embeddable":true,"href":"https:\/\/x1eg-staging.duckrabbit.ch\/it\/wp-json\/wp\/v2\/comments?post=12626"}],"version-history":[{"count":0,"href":"https:\/\/x1eg-staging.duckrabbit.ch\/it\/wp-json\/wp\/v2\/product\/12626\/revisions"}],"wp:featuredmedia":[{"embeddable":true,"href":"https:\/\/x1eg-staging.duckrabbit.ch\/it\/wp-json\/wp\/v2\/media\/2920"}],"wp:attachment":[{"href":"https:\/\/x1eg-staging.duckrabbit.ch\/it\/wp-json\/wp\/v2\/media?parent=12626"}],"wp:term":[{"taxonomy":"product_brand","embeddable":true,"href":"https:\/\/x1eg-staging.duckrabbit.ch\/it\/wp-json\/wp\/v2\/product_brand?post=12626"},{"taxonomy":"product_cat","embeddable":true,"href":"https:\/\/x1eg-staging.duckrabbit.ch\/it\/wp-json\/wp\/v2\/product_cat?post=12626"},{"taxonomy":"product_tag","embeddable":true,"href":"https:\/\/x1eg-staging.duckrabbit.ch\/it\/wp-json\/wp\/v2\/product_tag?post=12626"},{"taxonomy":"boxes-ages","embeddable":true,"href":"https:\/\/x1eg-staging.duckrabbit.ch\/it\/wp-json\/wp\/v2\/boxes-ages?post=12626"}],"curies":[{"name":"wp","href":"https:\/\/api.w.org\/{rel}","templated":true}]}}