{"id":12619,"date":"2025-02-23T15:55:16","date_gmt":"2025-02-23T15:55:16","guid":{"rendered":"https:\/\/x1eg-staging.duckrabbit.ch\/produit\/little-observation-2\/"},"modified":"2025-06-10T10:32:46","modified_gmt":"2025-06-10T10:32:46","slug":"little-observation-2","status":"publish","type":"product","link":"https:\/\/x1eg-staging.duckrabbit.ch\/it\/produit\/little-observation-2\/","title":{"rendered":"Little Observation"},"content":{"rendered":"","protected":false},"excerpt":{"rendered":"<p>Pendant que les petits papillons color\u00e9s volent dans le jardin, les gros d\u00e9s tombent. En fonction des couleurs indiqu\u00e9es sur les d\u00e9s, il faut d\u00e9terminer la couleur du papillon correspondant. Celui qui r\u00e9agit le plus rapidement marque un point. Un jeu amusant pour les petits enfants qui favorise les capacit\u00e9s d&#8217;observation et les r\u00e9actions rapides.<\/p>\n","protected":false},"featured_media":3033,"comment_status":"closed","ping_status":"closed","template":"","meta":[],"product_brand":[],"product_cat":[23],"product_tag":[],"boxes-ages":[],"class_list":{"0":"post-12619","1":"product","2":"type-product","3":"status-publish","4":"has-post-thumbnail","6":"product_cat-fonctions-executives","8":"first","9":"instock","10":"taxable","11":"shipping-taxable","12":"purchasable","13":"product-type-simple"},"_links":{"self":[{"href":"https:\/\/x1eg-staging.duckrabbit.ch\/it\/wp-json\/wp\/v2\/product\/12619","targetHints":{"allow":["GET"]}}],"collection":[{"href":"https:\/\/x1eg-staging.duckrabbit.ch\/it\/wp-json\/wp\/v2\/product"}],"about":[{"href":"https:\/\/x1eg-staging.duckrabbit.ch\/it\/wp-json\/wp\/v2\/types\/product"}],"replies":[{"embeddable":true,"href":"https:\/\/x1eg-staging.duckrabbit.ch\/it\/wp-json\/wp\/v2\/comments?post=12619"}],"version-history":[{"count":0,"href":"https:\/\/x1eg-staging.duckrabbit.ch\/it\/wp-json\/wp\/v2\/product\/12619\/revisions"}],"wp:featuredmedia":[{"embeddable":true,"href":"https:\/\/x1eg-staging.duckrabbit.ch\/it\/wp-json\/wp\/v2\/media\/3033"}],"wp:attachment":[{"href":"https:\/\/x1eg-staging.duckrabbit.ch\/it\/wp-json\/wp\/v2\/media?parent=12619"}],"wp:term":[{"taxonomy":"product_brand","embeddable":true,"href":"https:\/\/x1eg-staging.duckrabbit.ch\/it\/wp-json\/wp\/v2\/product_brand?post=12619"},{"taxonomy":"product_cat","embeddable":true,"href":"https:\/\/x1eg-staging.duckrabbit.ch\/it\/wp-json\/wp\/v2\/product_cat?post=12619"},{"taxonomy":"product_tag","embeddable":true,"href":"https:\/\/x1eg-staging.duckrabbit.ch\/it\/wp-json\/wp\/v2\/product_tag?post=12619"},{"taxonomy":"boxes-ages","embeddable":true,"href":"https:\/\/x1eg-staging.duckrabbit.ch\/it\/wp-json\/wp\/v2\/boxes-ages?post=12619"}],"curies":[{"name":"wp","href":"https:\/\/api.w.org\/{rel}","templated":true}]}}