{"id":12615,"date":"2025-02-23T15:55:39","date_gmt":"2025-02-23T15:55:39","guid":{"rendered":"https:\/\/x1eg-staging.duckrabbit.ch\/produit\/penguins-pool-party-2\/"},"modified":"2025-06-10T10:32:45","modified_gmt":"2025-06-10T10:32:45","slug":"penguins-pool-party-2","status":"publish","type":"product","link":"https:\/\/x1eg-staging.duckrabbit.ch\/it\/produit\/penguins-pool-party-2\/","title":{"rendered":"Penguins Pool Party"},"content":{"rendered":"","protected":false},"excerpt":{"rendered":"<p>Entourez les pingouins de banquise !<\/p>\n<p>D\u00e9couvrez le d\u00e9fi stimulant des &#8220;Penguins Pool Party&#8221; dans ce jeu mettant en sc\u00e8ne une banquise en relief. \u00cates-vous pr\u00eat ? Plongez dans l&#8217;aventure !<\/p>\n<p>Ce jeu propose 60 d\u00e9fis progressifs o\u00f9 vous devez placer les pingouins dans l&#8217;eau selon les indications de chaque d\u00e9fi. Votre objectif est de r\u00e9ussir \u00e0 placer les quatre morceaux de banquise autour d&#8217;eux. C&#8217;est simple&#8230; mais ing\u00e9nieux.<\/p>\n","protected":false},"featured_media":3051,"comment_status":"closed","ping_status":"closed","template":"","meta":[],"product_brand":[],"product_cat":[23,28],"product_tag":[],"boxes-ages":[],"class_list":{"0":"post-12615","1":"product","2":"type-product","3":"status-publish","4":"has-post-thumbnail","6":"product_cat-fonctions-executives","7":"product_cat-mathematiques-et-logique","9":"first","10":"instock","11":"taxable","12":"shipping-taxable","13":"purchasable","14":"product-type-simple"},"_links":{"self":[{"href":"https:\/\/x1eg-staging.duckrabbit.ch\/it\/wp-json\/wp\/v2\/product\/12615","targetHints":{"allow":["GET"]}}],"collection":[{"href":"https:\/\/x1eg-staging.duckrabbit.ch\/it\/wp-json\/wp\/v2\/product"}],"about":[{"href":"https:\/\/x1eg-staging.duckrabbit.ch\/it\/wp-json\/wp\/v2\/types\/product"}],"replies":[{"embeddable":true,"href":"https:\/\/x1eg-staging.duckrabbit.ch\/it\/wp-json\/wp\/v2\/comments?post=12615"}],"version-history":[{"count":0,"href":"https:\/\/x1eg-staging.duckrabbit.ch\/it\/wp-json\/wp\/v2\/product\/12615\/revisions"}],"wp:featuredmedia":[{"embeddable":true,"href":"https:\/\/x1eg-staging.duckrabbit.ch\/it\/wp-json\/wp\/v2\/media\/3051"}],"wp:attachment":[{"href":"https:\/\/x1eg-staging.duckrabbit.ch\/it\/wp-json\/wp\/v2\/media?parent=12615"}],"wp:term":[{"taxonomy":"product_brand","embeddable":true,"href":"https:\/\/x1eg-staging.duckrabbit.ch\/it\/wp-json\/wp\/v2\/product_brand?post=12615"},{"taxonomy":"product_cat","embeddable":true,"href":"https:\/\/x1eg-staging.duckrabbit.ch\/it\/wp-json\/wp\/v2\/product_cat?post=12615"},{"taxonomy":"product_tag","embeddable":true,"href":"https:\/\/x1eg-staging.duckrabbit.ch\/it\/wp-json\/wp\/v2\/product_tag?post=12615"},{"taxonomy":"boxes-ages","embeddable":true,"href":"https:\/\/x1eg-staging.duckrabbit.ch\/it\/wp-json\/wp\/v2\/boxes-ages?post=12615"}],"curies":[{"name":"wp","href":"https:\/\/api.w.org\/{rel}","templated":true}]}}