{"id":12613,"date":"2025-02-23T15:55:39","date_gmt":"2025-02-23T15:55:39","guid":{"rendered":"https:\/\/x1eg-staging.duckrabbit.ch\/produit\/living-forest-2\/"},"modified":"2025-06-10T10:32:45","modified_gmt":"2025-06-10T10:32:45","slug":"living-forest-2","status":"publish","type":"product","link":"https:\/\/x1eg-staging.duckrabbit.ch\/it\/produit\/living-forest-2\/","title":{"rendered":"Living Forest"},"content":{"rendered":"","protected":false},"excerpt":{"rendered":"<p>Sauvez la for\u00eat et son arbre sacr\u00e9, en proie aux terribles flammes d\u2019Onibi !<\/p>\n<p>Mais comment ? En plantant des arbres, en \u00e9teignant les feux, en collectant des fleurs sacr\u00e9es pour r\u00e9veiller Sanki\u2026<\/p>\n","protected":false},"featured_media":3040,"comment_status":"closed","ping_status":"closed","template":"","meta":[],"product_brand":[],"product_cat":[23,25],"product_tag":[],"boxes-ages":[],"class_list":{"0":"post-12613","1":"product","2":"type-product","3":"status-publish","4":"has-post-thumbnail","6":"product_cat-fonctions-executives","7":"product_cat-memoire","9":"first","10":"instock","11":"taxable","12":"shipping-taxable","13":"purchasable","14":"product-type-simple"},"_links":{"self":[{"href":"https:\/\/x1eg-staging.duckrabbit.ch\/it\/wp-json\/wp\/v2\/product\/12613","targetHints":{"allow":["GET"]}}],"collection":[{"href":"https:\/\/x1eg-staging.duckrabbit.ch\/it\/wp-json\/wp\/v2\/product"}],"about":[{"href":"https:\/\/x1eg-staging.duckrabbit.ch\/it\/wp-json\/wp\/v2\/types\/product"}],"replies":[{"embeddable":true,"href":"https:\/\/x1eg-staging.duckrabbit.ch\/it\/wp-json\/wp\/v2\/comments?post=12613"}],"version-history":[{"count":0,"href":"https:\/\/x1eg-staging.duckrabbit.ch\/it\/wp-json\/wp\/v2\/product\/12613\/revisions"}],"wp:featuredmedia":[{"embeddable":true,"href":"https:\/\/x1eg-staging.duckrabbit.ch\/it\/wp-json\/wp\/v2\/media\/3040"}],"wp:attachment":[{"href":"https:\/\/x1eg-staging.duckrabbit.ch\/it\/wp-json\/wp\/v2\/media?parent=12613"}],"wp:term":[{"taxonomy":"product_brand","embeddable":true,"href":"https:\/\/x1eg-staging.duckrabbit.ch\/it\/wp-json\/wp\/v2\/product_brand?post=12613"},{"taxonomy":"product_cat","embeddable":true,"href":"https:\/\/x1eg-staging.duckrabbit.ch\/it\/wp-json\/wp\/v2\/product_cat?post=12613"},{"taxonomy":"product_tag","embeddable":true,"href":"https:\/\/x1eg-staging.duckrabbit.ch\/it\/wp-json\/wp\/v2\/product_tag?post=12613"},{"taxonomy":"boxes-ages","embeddable":true,"href":"https:\/\/x1eg-staging.duckrabbit.ch\/it\/wp-json\/wp\/v2\/boxes-ages?post=12613"}],"curies":[{"name":"wp","href":"https:\/\/api.w.org\/{rel}","templated":true}]}}