{"id":12605,"date":"2025-06-10T10:32:44","date_gmt":"2025-06-10T10:32:44","guid":{"rendered":"https:\/\/x1eg-staging.duckrabbit.ch\/produit\/panic-lab-3\/"},"modified":"2025-06-10T10:32:44","modified_gmt":"2025-06-10T10:32:44","slug":"panic-lab-3","status":"publish","type":"product","link":"https:\/\/x1eg-staging.duckrabbit.ch\/it\/produit\/panic-lab-3\/","title":{"rendered":"Panic Lab"},"content":{"rendered":"","protected":false},"excerpt":{"rendered":"<p>Des amibes se sont \u00e9chapp\u00e9es et courent dans tous les sens, il faut vite les rattraper ! Les joueurs jouent tous ensemble et en m\u00eame temps. Lancez les 4 d\u00e9s tr\u00e8s sp\u00e9ciaux qui vous indiqueront quel laboratoire a laiss\u00e9 s\u2019\u00e9chapper l\u2019Amibe et \u00e0 quoi elle ressemble. Le premier qui d\u00e9signe la bonne amibe gagne un point. Mais attention, ces petites b\u00eates ne se laissent pas attraper facilement: elles se cachent sous les grilles d\u2019a\u00e9ration et peuvent subir des mutations!<br \/>\nSang froid, sens de l\u2019observation et rapidit\u00e9 sont les clefs d\u2019un laboratoire bien ordonn\u00e9.<\/p>\n","protected":false},"featured_media":12365,"comment_status":"open","ping_status":"closed","template":"","meta":[],"product_brand":[],"product_cat":[23,25],"product_tag":[],"boxes-ages":[],"class_list":{"0":"post-12605","1":"product","2":"type-product","3":"status-publish","4":"has-post-thumbnail","6":"product_cat-fonctions-executives","7":"product_cat-memoire","9":"first","10":"outofstock","11":"taxable","12":"shipping-taxable","13":"purchasable","14":"product-type-simple"},"_links":{"self":[{"href":"https:\/\/x1eg-staging.duckrabbit.ch\/it\/wp-json\/wp\/v2\/product\/12605","targetHints":{"allow":["GET"]}}],"collection":[{"href":"https:\/\/x1eg-staging.duckrabbit.ch\/it\/wp-json\/wp\/v2\/product"}],"about":[{"href":"https:\/\/x1eg-staging.duckrabbit.ch\/it\/wp-json\/wp\/v2\/types\/product"}],"replies":[{"embeddable":true,"href":"https:\/\/x1eg-staging.duckrabbit.ch\/it\/wp-json\/wp\/v2\/comments?post=12605"}],"version-history":[{"count":0,"href":"https:\/\/x1eg-staging.duckrabbit.ch\/it\/wp-json\/wp\/v2\/product\/12605\/revisions"}],"wp:featuredmedia":[{"embeddable":true,"href":"https:\/\/x1eg-staging.duckrabbit.ch\/it\/wp-json\/wp\/v2\/media\/12365"}],"wp:attachment":[{"href":"https:\/\/x1eg-staging.duckrabbit.ch\/it\/wp-json\/wp\/v2\/media?parent=12605"}],"wp:term":[{"taxonomy":"product_brand","embeddable":true,"href":"https:\/\/x1eg-staging.duckrabbit.ch\/it\/wp-json\/wp\/v2\/product_brand?post=12605"},{"taxonomy":"product_cat","embeddable":true,"href":"https:\/\/x1eg-staging.duckrabbit.ch\/it\/wp-json\/wp\/v2\/product_cat?post=12605"},{"taxonomy":"product_tag","embeddable":true,"href":"https:\/\/x1eg-staging.duckrabbit.ch\/it\/wp-json\/wp\/v2\/product_tag?post=12605"},{"taxonomy":"boxes-ages","embeddable":true,"href":"https:\/\/x1eg-staging.duckrabbit.ch\/it\/wp-json\/wp\/v2\/boxes-ages?post=12605"}],"curies":[{"name":"wp","href":"https:\/\/api.w.org\/{rel}","templated":true}]}}