{"id":12603,"date":"2025-06-02T07:05:12","date_gmt":"2025-06-02T07:05:12","guid":{"rendered":"https:\/\/x1eg-staging.duckrabbit.ch\/produit\/contigloo-2\/"},"modified":"2025-06-10T10:32:43","modified_gmt":"2025-06-10T10:32:43","slug":"contigloo-2","status":"publish","type":"product","link":"https:\/\/x1eg-staging.duckrabbit.ch\/it\/produit\/contigloo-2\/","title":{"rendered":"Contigloo"},"content":{"rendered":"","protected":false},"excerpt":{"rendered":"<p>Contigloo est un jeu d&#8217;addition et de soustraction. Les cartes donnent les instructions et l&#8217;enfant place progressivement le bon nombre de pi\u00e8ces sur le plateau.<\/p>\n<p>Il y a des photos de la solution au dos des cartes ! Utilisez ces solutions visuelles pour aider l&#8217;enfant \u00e0 v\u00e9rifier son travail et \u00e0 d\u00e9velopper sa ma\u00eetrise de soi. Facile \u00e0 manipuler gr\u00e2ce aux parties \u00e9paisses qui tiennent debout et \u00e0 la fente du tapis d&#8217;\u00e9veil. L&#8217;enfant additionne et soustrait de 1 \u00e0 5.<\/p>\n","protected":false},"featured_media":12453,"comment_status":"open","ping_status":"closed","template":"","meta":[],"product_brand":[],"product_cat":[28],"product_tag":[],"boxes-ages":[],"class_list":{"0":"post-12603","1":"product","2":"type-product","3":"status-publish","4":"has-post-thumbnail","6":"product_cat-mathematiques-et-logique","8":"first","9":"instock","10":"taxable","11":"shipping-taxable","12":"purchasable","13":"product-type-simple"},"_links":{"self":[{"href":"https:\/\/x1eg-staging.duckrabbit.ch\/it\/wp-json\/wp\/v2\/product\/12603","targetHints":{"allow":["GET"]}}],"collection":[{"href":"https:\/\/x1eg-staging.duckrabbit.ch\/it\/wp-json\/wp\/v2\/product"}],"about":[{"href":"https:\/\/x1eg-staging.duckrabbit.ch\/it\/wp-json\/wp\/v2\/types\/product"}],"replies":[{"embeddable":true,"href":"https:\/\/x1eg-staging.duckrabbit.ch\/it\/wp-json\/wp\/v2\/comments?post=12603"}],"version-history":[{"count":0,"href":"https:\/\/x1eg-staging.duckrabbit.ch\/it\/wp-json\/wp\/v2\/product\/12603\/revisions"}],"wp:featuredmedia":[{"embeddable":true,"href":"https:\/\/x1eg-staging.duckrabbit.ch\/it\/wp-json\/wp\/v2\/media\/12453"}],"wp:attachment":[{"href":"https:\/\/x1eg-staging.duckrabbit.ch\/it\/wp-json\/wp\/v2\/media?parent=12603"}],"wp:term":[{"taxonomy":"product_brand","embeddable":true,"href":"https:\/\/x1eg-staging.duckrabbit.ch\/it\/wp-json\/wp\/v2\/product_brand?post=12603"},{"taxonomy":"product_cat","embeddable":true,"href":"https:\/\/x1eg-staging.duckrabbit.ch\/it\/wp-json\/wp\/v2\/product_cat?post=12603"},{"taxonomy":"product_tag","embeddable":true,"href":"https:\/\/x1eg-staging.duckrabbit.ch\/it\/wp-json\/wp\/v2\/product_tag?post=12603"},{"taxonomy":"boxes-ages","embeddable":true,"href":"https:\/\/x1eg-staging.duckrabbit.ch\/it\/wp-json\/wp\/v2\/boxes-ages?post=12603"}],"curies":[{"name":"wp","href":"https:\/\/api.w.org\/{rel}","templated":true}]}}