{"id":13319,"date":"2025-02-23T15:25:08","date_gmt":"2025-02-23T15:25:08","guid":{"rendered":"https:\/\/x1eg-staging.duckrabbit.ch\/produit\/froggit-2\/"},"modified":"2025-09-26T14:05:31","modified_gmt":"2025-09-26T14:05:31","slug":"froggit-2","status":"publish","type":"product","link":"https:\/\/x1eg-staging.duckrabbit.ch\/de\/produit\/froggit-2\/","title":{"rendered":"Froggit"},"content":{"rendered":"","protected":false},"excerpt":{"rendered":"<p>Traversez l\u2019\u00e9tang, mais gare au brochet !<\/p>\n<p>Faites traverser l\u2019\u00e9tang \u00e0 vos grenouilles tout en emp\u00eachant les autres joueurs de faire de m\u00eame. Le premier joueur qui r\u00e9ussit \u00e0 amener toute sa famille de l\u2019autre c\u00f4t\u00e9 remporte la partie. Mais attention, le brochet peut effrayer vos grenouilles et les renvoyer \u00e0 leur point de d\u00e9part. Elaborez une strat\u00e9gie, adaptez-l\u00e0 et n\u2019h\u00e9sitez pas \u00e0 g\u00eaner vos adversaires !<\/p>\n","protected":false},"featured_media":776,"comment_status":"closed","ping_status":"closed","template":"","meta":[],"product_brand":[],"product_cat":[23,25],"product_tag":[],"boxes-ages":[],"class_list":{"0":"post-13319","1":"product","2":"type-product","3":"status-publish","4":"has-post-thumbnail","6":"product_cat-fonctions-executives","7":"product_cat-memoire","9":"first","10":"instock","11":"taxable","12":"shipping-taxable","13":"purchasable","14":"product-type-simple"},"_links":{"self":[{"href":"https:\/\/x1eg-staging.duckrabbit.ch\/de\/wp-json\/wp\/v2\/product\/13319","targetHints":{"allow":["GET"]}}],"collection":[{"href":"https:\/\/x1eg-staging.duckrabbit.ch\/de\/wp-json\/wp\/v2\/product"}],"about":[{"href":"https:\/\/x1eg-staging.duckrabbit.ch\/de\/wp-json\/wp\/v2\/types\/product"}],"replies":[{"embeddable":true,"href":"https:\/\/x1eg-staging.duckrabbit.ch\/de\/wp-json\/wp\/v2\/comments?post=13319"}],"version-history":[{"count":0,"href":"https:\/\/x1eg-staging.duckrabbit.ch\/de\/wp-json\/wp\/v2\/product\/13319\/revisions"}],"wp:featuredmedia":[{"embeddable":true,"href":"https:\/\/x1eg-staging.duckrabbit.ch\/de\/wp-json\/wp\/v2\/media\/776"}],"wp:attachment":[{"href":"https:\/\/x1eg-staging.duckrabbit.ch\/de\/wp-json\/wp\/v2\/media?parent=13319"}],"wp:term":[{"taxonomy":"product_brand","embeddable":true,"href":"https:\/\/x1eg-staging.duckrabbit.ch\/de\/wp-json\/wp\/v2\/product_brand?post=13319"},{"taxonomy":"product_cat","embeddable":true,"href":"https:\/\/x1eg-staging.duckrabbit.ch\/de\/wp-json\/wp\/v2\/product_cat?post=13319"},{"taxonomy":"product_tag","embeddable":true,"href":"https:\/\/x1eg-staging.duckrabbit.ch\/de\/wp-json\/wp\/v2\/product_tag?post=13319"},{"taxonomy":"boxes-ages","embeddable":true,"href":"https:\/\/x1eg-staging.duckrabbit.ch\/de\/wp-json\/wp\/v2\/boxes-ages?post=13319"}],"curies":[{"name":"wp","href":"https:\/\/api.w.org\/{rel}","templated":true}]}}