{"id":13284,"date":"2025-02-23T15:25:09","date_gmt":"2025-02-23T15:25:09","guid":{"rendered":"https:\/\/x1eg-staging.duckrabbit.ch\/produit\/smart-farmer-2\/"},"modified":"2025-06-10T10:33:39","modified_gmt":"2025-06-10T10:33:39","slug":"smart-farmer-2","status":"publish","type":"product","link":"https:\/\/x1eg-staging.duckrabbit.ch\/de\/produit\/smart-farmer-2\/","title":{"rendered":"Smart Farmer"},"content":{"rendered":"","protected":false},"excerpt":{"rendered":"<p>Gardez les animaux s\u00e9par\u00e9s !<\/p>\n<p>Petit probl\u00e8me \u00e0 la ferme ! C\u2019est la pagaille. Les animaux font tout un bazar et doivent \u00eatre s\u00e9par\u00e9s&#8230; mais le fermier n&#8217;a que trois cl\u00f4tures simples pour diviser sa terre en prairies s\u00e9par\u00e9es. Pouvez-vous l&#8217;aider \u00e0 placer les cl\u00f4tures de fa\u00e7on que les chevaux, les vaches, les moutons et les cochons aient chacun leur propre espace ?<\/p>\n<p>Pouvez-vous faire en sorte que chaque esp\u00e8ce animale ait son propre abreuvoir ?<\/p>\n","protected":false},"featured_media":836,"comment_status":"closed","ping_status":"closed","template":"","meta":[],"product_brand":[],"product_cat":[23,28],"product_tag":[],"boxes-ages":[],"class_list":{"0":"post-13284","1":"product","2":"type-product","3":"status-publish","4":"has-post-thumbnail","6":"product_cat-fonctions-executives","7":"product_cat-mathematiques-et-logique","9":"first","10":"instock","11":"taxable","12":"shipping-taxable","13":"purchasable","14":"product-type-simple"},"_links":{"self":[{"href":"https:\/\/x1eg-staging.duckrabbit.ch\/de\/wp-json\/wp\/v2\/product\/13284","targetHints":{"allow":["GET"]}}],"collection":[{"href":"https:\/\/x1eg-staging.duckrabbit.ch\/de\/wp-json\/wp\/v2\/product"}],"about":[{"href":"https:\/\/x1eg-staging.duckrabbit.ch\/de\/wp-json\/wp\/v2\/types\/product"}],"replies":[{"embeddable":true,"href":"https:\/\/x1eg-staging.duckrabbit.ch\/de\/wp-json\/wp\/v2\/comments?post=13284"}],"version-history":[{"count":0,"href":"https:\/\/x1eg-staging.duckrabbit.ch\/de\/wp-json\/wp\/v2\/product\/13284\/revisions"}],"wp:featuredmedia":[{"embeddable":true,"href":"https:\/\/x1eg-staging.duckrabbit.ch\/de\/wp-json\/wp\/v2\/media\/836"}],"wp:attachment":[{"href":"https:\/\/x1eg-staging.duckrabbit.ch\/de\/wp-json\/wp\/v2\/media?parent=13284"}],"wp:term":[{"taxonomy":"product_brand","embeddable":true,"href":"https:\/\/x1eg-staging.duckrabbit.ch\/de\/wp-json\/wp\/v2\/product_brand?post=13284"},{"taxonomy":"product_cat","embeddable":true,"href":"https:\/\/x1eg-staging.duckrabbit.ch\/de\/wp-json\/wp\/v2\/product_cat?post=13284"},{"taxonomy":"product_tag","embeddable":true,"href":"https:\/\/x1eg-staging.duckrabbit.ch\/de\/wp-json\/wp\/v2\/product_tag?post=13284"},{"taxonomy":"boxes-ages","embeddable":true,"href":"https:\/\/x1eg-staging.duckrabbit.ch\/de\/wp-json\/wp\/v2\/boxes-ages?post=13284"}],"curies":[{"name":"wp","href":"https:\/\/api.w.org\/{rel}","templated":true}]}}