{"id":13275,"date":"2025-02-23T15:25:09","date_gmt":"2025-02-23T15:25:09","guid":{"rendered":"https:\/\/x1eg-staging.duckrabbit.ch\/produit\/iq-puzzler-pro-2\/"},"modified":"2025-06-10T10:33:38","modified_gmt":"2025-06-10T10:33:38","slug":"iq-puzzler-pro-2","status":"publish","type":"product","link":"https:\/\/x1eg-staging.duckrabbit.ch\/de\/produit\/iq-puzzler-pro-2\/","title":{"rendered":"IQ Puzzler Pro"},"content":{"rendered":"<p>Avis de l&#8217;expert<br \/>\nIQ Puzzler Pro est un jeu d&#8217;\u00e9nigmes qui permet de travailler le raisonnement spatial et la logique. Le joueur doit r\u00e9soudre les diff\u00e9rents d\u00e9fis du carnet. Ce jeu propose trois modes diff\u00e9rents sur autant de grilles. Ainsi, les d\u00e9fis sont \u00e0 r\u00e9soudre en 2D ou en 3D et sur grille orthogonale ou en diagonale. Les capacit\u00e9s attentionnelles sont fortement mobilis\u00e9es tout comme la capacit\u00e9 \u00e0 r\u00e9soudre des probl\u00e8mes et \u00e0 planifier ses actions. Avec une difficult\u00e9 croissante au fur et \u00e0 mesure des d\u00e9fis, les jeux de la gamme IQ permettent de conscientiser des \u00e9tapes du raisonnement en douceur.<\/p>\n","protected":false},"excerpt":{"rendered":"<p>120 d\u00e9fis. Trois mani\u00e8res de jouer. Le jeu aux multiples niveaux de r\u00e9flexion !<\/p>\n<p>Le jeu SmartGames IQ Puzzler Pro propose 120 d\u00e9fis d\u00e9clin\u00e9s sous trois modes de jeu, proposant aussi bien des d\u00e9fis en 2D qu&#8217;en 3D !<\/p>\n<p>Deux grilles, rectangulaire \u00e0 l&#8217;int\u00e9rieur du coffret et diagonale \u00e0 l&#8217;ext\u00e9rieur, proposent des d\u00e9fis en 2D alors que la grille ajour\u00e9e au centre du rectangle propose des d\u00e9fis de forme pyramidale en 3D uniques.<\/p>\n<p>Trois jeux en un pour ce coffret compact id\u00e9al pour les voyages.<\/p>\n<p>Un jeu casse-t\u00eate pour des enfants et des adultes !<\/p>\n<p>D\u00e9couvrez la version extralarge de votre jeu de poche IQ Puzzler Pro !<\/p>\n","protected":false},"featured_media":789,"comment_status":"closed","ping_status":"closed","template":"","meta":[],"product_brand":[],"product_cat":[23,28],"product_tag":[],"boxes-ages":[],"class_list":{"0":"post-13275","1":"product","2":"type-product","3":"status-publish","4":"has-post-thumbnail","6":"product_cat-fonctions-executives","7":"product_cat-mathematiques-et-logique","9":"first","10":"instock","11":"taxable","12":"shipping-taxable","13":"purchasable","14":"product-type-simple"},"_links":{"self":[{"href":"https:\/\/x1eg-staging.duckrabbit.ch\/de\/wp-json\/wp\/v2\/product\/13275","targetHints":{"allow":["GET"]}}],"collection":[{"href":"https:\/\/x1eg-staging.duckrabbit.ch\/de\/wp-json\/wp\/v2\/product"}],"about":[{"href":"https:\/\/x1eg-staging.duckrabbit.ch\/de\/wp-json\/wp\/v2\/types\/product"}],"replies":[{"embeddable":true,"href":"https:\/\/x1eg-staging.duckrabbit.ch\/de\/wp-json\/wp\/v2\/comments?post=13275"}],"version-history":[{"count":0,"href":"https:\/\/x1eg-staging.duckrabbit.ch\/de\/wp-json\/wp\/v2\/product\/13275\/revisions"}],"wp:featuredmedia":[{"embeddable":true,"href":"https:\/\/x1eg-staging.duckrabbit.ch\/de\/wp-json\/wp\/v2\/media\/789"}],"wp:attachment":[{"href":"https:\/\/x1eg-staging.duckrabbit.ch\/de\/wp-json\/wp\/v2\/media?parent=13275"}],"wp:term":[{"taxonomy":"product_brand","embeddable":true,"href":"https:\/\/x1eg-staging.duckrabbit.ch\/de\/wp-json\/wp\/v2\/product_brand?post=13275"},{"taxonomy":"product_cat","embeddable":true,"href":"https:\/\/x1eg-staging.duckrabbit.ch\/de\/wp-json\/wp\/v2\/product_cat?post=13275"},{"taxonomy":"product_tag","embeddable":true,"href":"https:\/\/x1eg-staging.duckrabbit.ch\/de\/wp-json\/wp\/v2\/product_tag?post=13275"},{"taxonomy":"boxes-ages","embeddable":true,"href":"https:\/\/x1eg-staging.duckrabbit.ch\/de\/wp-json\/wp\/v2\/boxes-ages?post=13275"}],"curies":[{"name":"wp","href":"https:\/\/api.w.org\/{rel}","templated":true}]}}