{"id":13269,"date":"2025-02-23T15:25:34","date_gmt":"2025-02-23T15:25:34","guid":{"rendered":"https:\/\/x1eg-staging.duckrabbit.ch\/produit\/little-memo-garden-2\/"},"modified":"2025-06-10T10:33:38","modified_gmt":"2025-06-10T10:33:38","slug":"little-memo-garden-2","status":"publish","type":"product","link":"https:\/\/x1eg-staging.duckrabbit.ch\/de\/produit\/little-memo-garden-2\/","title":{"rendered":"Little Memo Garden"},"content":{"rendered":"<p>Avis de l&#8217;expert<br \/>\nLittle M\u00e9mo Garden est con\u00e7u pour entra\u00eener la m\u00e9moire visuelle des enfants tout en stimulant leur acuit\u00e9 visuelle. Les enfants sont encourag\u00e9s \u00e0 analyser et \u00e0 m\u00e9moriser la disposition des \u00e9l\u00e9ments, renfor\u00e7ant ainsi leur capacit\u00e9 \u00e0 retenir des informations visuelles.<\/p>\n<p>De plus, ce jeu favorise \u00e9galement le d\u00e9veloppement du langage chez les tout-petits. En identifiant les couleurs des tortues et en nommant les diff\u00e9rents fruits et l\u00e9gumes pr\u00e9sents sur le plateau, les enfants enrichissent ainsi leur vocabulaire tout en s&#8217;amusant.<\/p>\n<p>Le design attrayant des figurines suscite l\u2019envie chez l\u2019enfant de jouer avec. De plus, gr\u00e2ce \u00e0 leur taille et leur plastique flexible, elles facilitent leur manipulation par les petites mains des enfants.<\/p>\n","protected":false},"excerpt":{"rendered":"<p>Ce jeu est con\u00e7u pour les jeunes enfants, d\u00e8s l&#8217;\u00e2ge de 2 ans et demi. Il vise \u00e0 stimuler la m\u00e9moire visuelle et l&#8217;acuit\u00e9 d&#8217;observation. Avec des figurines attrayantes en forme d&#8217;animaux, ce jeu plonge les enfants dans son univers narratif. Le mat\u00e9riel, adapt\u00e9 aux plus jeunes, comprend des d\u00e9s de grande taille, un plateau en carton robuste, et des figurines en plastique flexible, facilitant la manipulation par de petites mains. Le jeu comprend un plateau en carton, 20 cartes, 5 figurines en vinyle, et des instructions disponibles en 10 langues. L&#8217;histoire met en sc\u00e8ne des tortues espi\u00e8gles et gourmandes qui s&#8217;amusent dans un jardin.<\/p>\n","protected":false},"featured_media":893,"comment_status":"closed","ping_status":"closed","template":"","meta":[],"product_brand":[],"product_cat":[25],"product_tag":[],"boxes-ages":[],"class_list":{"0":"post-13269","1":"product","2":"type-product","3":"status-publish","4":"has-post-thumbnail","6":"product_cat-memoire","8":"first","9":"instock","10":"taxable","11":"shipping-taxable","12":"purchasable","13":"product-type-simple"},"_links":{"self":[{"href":"https:\/\/x1eg-staging.duckrabbit.ch\/de\/wp-json\/wp\/v2\/product\/13269","targetHints":{"allow":["GET"]}}],"collection":[{"href":"https:\/\/x1eg-staging.duckrabbit.ch\/de\/wp-json\/wp\/v2\/product"}],"about":[{"href":"https:\/\/x1eg-staging.duckrabbit.ch\/de\/wp-json\/wp\/v2\/types\/product"}],"replies":[{"embeddable":true,"href":"https:\/\/x1eg-staging.duckrabbit.ch\/de\/wp-json\/wp\/v2\/comments?post=13269"}],"version-history":[{"count":0,"href":"https:\/\/x1eg-staging.duckrabbit.ch\/de\/wp-json\/wp\/v2\/product\/13269\/revisions"}],"wp:featuredmedia":[{"embeddable":true,"href":"https:\/\/x1eg-staging.duckrabbit.ch\/de\/wp-json\/wp\/v2\/media\/893"}],"wp:attachment":[{"href":"https:\/\/x1eg-staging.duckrabbit.ch\/de\/wp-json\/wp\/v2\/media?parent=13269"}],"wp:term":[{"taxonomy":"product_brand","embeddable":true,"href":"https:\/\/x1eg-staging.duckrabbit.ch\/de\/wp-json\/wp\/v2\/product_brand?post=13269"},{"taxonomy":"product_cat","embeddable":true,"href":"https:\/\/x1eg-staging.duckrabbit.ch\/de\/wp-json\/wp\/v2\/product_cat?post=13269"},{"taxonomy":"product_tag","embeddable":true,"href":"https:\/\/x1eg-staging.duckrabbit.ch\/de\/wp-json\/wp\/v2\/product_tag?post=13269"},{"taxonomy":"boxes-ages","embeddable":true,"href":"https:\/\/x1eg-staging.duckrabbit.ch\/de\/wp-json\/wp\/v2\/boxes-ages?post=13269"}],"curies":[{"name":"wp","href":"https:\/\/api.w.org\/{rel}","templated":true}]}}