{"id":13239,"date":"2025-02-23T15:26:44","date_gmt":"2025-02-23T15:26:44","guid":{"rendered":"https:\/\/x1eg-staging.duckrabbit.ch\/produit\/les-schmouks-peluche-bleue-choukette-2\/"},"modified":"2025-06-10T10:33:36","modified_gmt":"2025-06-10T10:33:36","slug":"les-schmouks-peluche-bleue-choukette-2","status":"publish","type":"product","link":"https:\/\/x1eg-staging.duckrabbit.ch\/de\/produit\/les-schmouks-peluche-bleue-choukette-2\/","title":{"rendered":"Les Schmouks &#8211; Peluche Bleue Choukette"},"content":{"rendered":"","protected":false},"excerpt":{"rendered":"<p>Choukette la petite boule aux longs poils bleus compl\u00e8tement d\u00e9coiff\u00e9s. Air rigolo et malicieux qui s&#8217;accorde parfaitement \u00e0 l&#8217;allure d\u00e9jant\u00e9e des Schmouks.<\/p>\n","protected":false},"featured_media":943,"comment_status":"closed","ping_status":"closed","template":"","meta":[],"product_brand":[],"product_cat":[1211,1210],"product_tag":[],"boxes-ages":[],"class_list":{"0":"post-13239","1":"product","2":"type-product","3":"status-publish","4":"has-post-thumbnail","6":"product_cat-emotionen","7":"product_cat-schlaf","9":"first","10":"instock","11":"taxable","12":"shipping-taxable","13":"purchasable","14":"product-type-simple"},"_links":{"self":[{"href":"https:\/\/x1eg-staging.duckrabbit.ch\/de\/wp-json\/wp\/v2\/product\/13239","targetHints":{"allow":["GET"]}}],"collection":[{"href":"https:\/\/x1eg-staging.duckrabbit.ch\/de\/wp-json\/wp\/v2\/product"}],"about":[{"href":"https:\/\/x1eg-staging.duckrabbit.ch\/de\/wp-json\/wp\/v2\/types\/product"}],"replies":[{"embeddable":true,"href":"https:\/\/x1eg-staging.duckrabbit.ch\/de\/wp-json\/wp\/v2\/comments?post=13239"}],"version-history":[{"count":0,"href":"https:\/\/x1eg-staging.duckrabbit.ch\/de\/wp-json\/wp\/v2\/product\/13239\/revisions"}],"wp:featuredmedia":[{"embeddable":true,"href":"https:\/\/x1eg-staging.duckrabbit.ch\/de\/wp-json\/wp\/v2\/media\/943"}],"wp:attachment":[{"href":"https:\/\/x1eg-staging.duckrabbit.ch\/de\/wp-json\/wp\/v2\/media?parent=13239"}],"wp:term":[{"taxonomy":"product_brand","embeddable":true,"href":"https:\/\/x1eg-staging.duckrabbit.ch\/de\/wp-json\/wp\/v2\/product_brand?post=13239"},{"taxonomy":"product_cat","embeddable":true,"href":"https:\/\/x1eg-staging.duckrabbit.ch\/de\/wp-json\/wp\/v2\/product_cat?post=13239"},{"taxonomy":"product_tag","embeddable":true,"href":"https:\/\/x1eg-staging.duckrabbit.ch\/de\/wp-json\/wp\/v2\/product_tag?post=13239"},{"taxonomy":"boxes-ages","embeddable":true,"href":"https:\/\/x1eg-staging.duckrabbit.ch\/de\/wp-json\/wp\/v2\/boxes-ages?post=13239"}],"curies":[{"name":"wp","href":"https:\/\/api.w.org\/{rel}","templated":true}]}}