{"id":13208,"date":"2025-02-23T15:27:30","date_gmt":"2025-02-23T15:27:30","guid":{"rendered":"https:\/\/x1eg-staging.duckrabbit.ch\/produit\/les-baba-bou-peluche-grand-lion-3\/"},"modified":"2025-06-10T10:33:34","modified_gmt":"2025-06-10T10:33:34","slug":"les-baba-bou-peluche-grand-lion-3","status":"publish","type":"product","link":"https:\/\/x1eg-staging.duckrabbit.ch\/de\/produit\/les-baba-bou-peluche-grand-lion-3\/","title":{"rendered":"Les Baba Bou &#8211; Peluche Grand Lion"},"content":{"rendered":"","protected":false},"excerpt":{"rendered":"<p>Grand lion beige et moutarde \u00e0 la crini\u00e8re d\u00e9coiff\u00e9e ! Mains et ventre tout doux couleur cr\u00e8me. Ce roi des animaux est pr\u00eat \u00e0 veiller sur ses amis !<\/p>\n","protected":false},"featured_media":1024,"comment_status":"closed","ping_status":"closed","template":"","meta":[],"product_brand":[],"product_cat":[1211,1210],"product_tag":[],"boxes-ages":[],"class_list":{"0":"post-13208","1":"product","2":"type-product","3":"status-publish","4":"has-post-thumbnail","6":"product_cat-emotionen","7":"product_cat-schlaf","9":"first","10":"instock","11":"taxable","12":"shipping-taxable","13":"purchasable","14":"product-type-simple"},"_links":{"self":[{"href":"https:\/\/x1eg-staging.duckrabbit.ch\/de\/wp-json\/wp\/v2\/product\/13208","targetHints":{"allow":["GET"]}}],"collection":[{"href":"https:\/\/x1eg-staging.duckrabbit.ch\/de\/wp-json\/wp\/v2\/product"}],"about":[{"href":"https:\/\/x1eg-staging.duckrabbit.ch\/de\/wp-json\/wp\/v2\/types\/product"}],"replies":[{"embeddable":true,"href":"https:\/\/x1eg-staging.duckrabbit.ch\/de\/wp-json\/wp\/v2\/comments?post=13208"}],"version-history":[{"count":0,"href":"https:\/\/x1eg-staging.duckrabbit.ch\/de\/wp-json\/wp\/v2\/product\/13208\/revisions"}],"wp:featuredmedia":[{"embeddable":true,"href":"https:\/\/x1eg-staging.duckrabbit.ch\/de\/wp-json\/wp\/v2\/media\/1024"}],"wp:attachment":[{"href":"https:\/\/x1eg-staging.duckrabbit.ch\/de\/wp-json\/wp\/v2\/media?parent=13208"}],"wp:term":[{"taxonomy":"product_brand","embeddable":true,"href":"https:\/\/x1eg-staging.duckrabbit.ch\/de\/wp-json\/wp\/v2\/product_brand?post=13208"},{"taxonomy":"product_cat","embeddable":true,"href":"https:\/\/x1eg-staging.duckrabbit.ch\/de\/wp-json\/wp\/v2\/product_cat?post=13208"},{"taxonomy":"product_tag","embeddable":true,"href":"https:\/\/x1eg-staging.duckrabbit.ch\/de\/wp-json\/wp\/v2\/product_tag?post=13208"},{"taxonomy":"boxes-ages","embeddable":true,"href":"https:\/\/x1eg-staging.duckrabbit.ch\/de\/wp-json\/wp\/v2\/boxes-ages?post=13208"}],"curies":[{"name":"wp","href":"https:\/\/api.w.org\/{rel}","templated":true}]}}