{"id":13200,"date":"2025-02-23T15:27:30","date_gmt":"2025-02-23T15:27:30","guid":{"rendered":"https:\/\/x1eg-staging.duckrabbit.ch\/produit\/tout-autour-du-monde-peluche-petit-elephant-2\/"},"modified":"2025-06-10T10:33:33","modified_gmt":"2025-06-10T10:33:33","slug":"tout-autour-du-monde-peluche-petit-elephant-2","status":"publish","type":"product","link":"https:\/\/x1eg-staging.duckrabbit.ch\/de\/produit\/tout-autour-du-monde-peluche-petit-elephant-2\/","title":{"rendered":"Tout Autour du Monde &#8211; Peluche Petit \u00c9l\u00e9phant"},"content":{"rendered":"<p>Avis de l&#8217;expert<br \/>\nCreate a sleep-designated area. From 12 months onward, introduce a security object during sleep. Keep the objects in a sleep-designated area.<\/p>\n","protected":false},"excerpt":{"rendered":"<p>Petit \u00e9l\u00e9phant facile \u00e0 attraper avec ses oreilles en lin qui suivra b\u00e9b\u00e9 partout dans ses aventures, \u00e0 pas l\u00e9ger avec ses coussinets cuivr\u00e9s ! Compagnon tout droit sorti de la jungle au doux pelage taupe pour imaginer des aventures tout en tendresse.<\/p>\n","protected":false},"featured_media":1011,"comment_status":"closed","ping_status":"closed","template":"","meta":[],"product_brand":[],"product_cat":[1211,1210],"product_tag":[],"boxes-ages":[],"class_list":{"0":"post-13200","1":"product","2":"type-product","3":"status-publish","4":"has-post-thumbnail","6":"product_cat-emotionen","7":"product_cat-schlaf","9":"first","10":"instock","11":"taxable","12":"shipping-taxable","13":"purchasable","14":"product-type-simple"},"_links":{"self":[{"href":"https:\/\/x1eg-staging.duckrabbit.ch\/de\/wp-json\/wp\/v2\/product\/13200","targetHints":{"allow":["GET"]}}],"collection":[{"href":"https:\/\/x1eg-staging.duckrabbit.ch\/de\/wp-json\/wp\/v2\/product"}],"about":[{"href":"https:\/\/x1eg-staging.duckrabbit.ch\/de\/wp-json\/wp\/v2\/types\/product"}],"replies":[{"embeddable":true,"href":"https:\/\/x1eg-staging.duckrabbit.ch\/de\/wp-json\/wp\/v2\/comments?post=13200"}],"version-history":[{"count":0,"href":"https:\/\/x1eg-staging.duckrabbit.ch\/de\/wp-json\/wp\/v2\/product\/13200\/revisions"}],"wp:featuredmedia":[{"embeddable":true,"href":"https:\/\/x1eg-staging.duckrabbit.ch\/de\/wp-json\/wp\/v2\/media\/1011"}],"wp:attachment":[{"href":"https:\/\/x1eg-staging.duckrabbit.ch\/de\/wp-json\/wp\/v2\/media?parent=13200"}],"wp:term":[{"taxonomy":"product_brand","embeddable":true,"href":"https:\/\/x1eg-staging.duckrabbit.ch\/de\/wp-json\/wp\/v2\/product_brand?post=13200"},{"taxonomy":"product_cat","embeddable":true,"href":"https:\/\/x1eg-staging.duckrabbit.ch\/de\/wp-json\/wp\/v2\/product_cat?post=13200"},{"taxonomy":"product_tag","embeddable":true,"href":"https:\/\/x1eg-staging.duckrabbit.ch\/de\/wp-json\/wp\/v2\/product_tag?post=13200"},{"taxonomy":"boxes-ages","embeddable":true,"href":"https:\/\/x1eg-staging.duckrabbit.ch\/de\/wp-json\/wp\/v2\/boxes-ages?post=13200"}],"curies":[{"name":"wp","href":"https:\/\/api.w.org\/{rel}","templated":true}]}}