{"id":13189,"date":"2025-02-23T15:27:30","date_gmt":"2025-02-23T15:27:30","guid":{"rendered":"https:\/\/x1eg-staging.duckrabbit.ch\/produit\/les-rosalies-poupee-violette-2\/"},"modified":"2025-06-10T10:33:33","modified_gmt":"2025-06-10T10:33:33","slug":"les-rosalies-poupee-violette-2","status":"publish","type":"product","link":"https:\/\/x1eg-staging.duckrabbit.ch\/de\/produit\/les-rosalies-poupee-violette-2\/","title":{"rendered":"Les Rosalies &#8211; Poup\u00e9e Violette"},"content":{"rendered":"","protected":false},"excerpt":{"rendered":"<p>Pour le jeu et la d\u00e9co : poup\u00e9e de chiffon, Violette, au doux visage illustr\u00e9 et imprim\u00e9, avec de longs cheveux blonds en jersey rouleaut\u00e9. Elle est chauss\u00e9e de babies paillet\u00e9es avec rubans de satin et v\u00eatue d&#8217;un pantalon ample et l\u00e9ger aux motifs champ\u00eatres.<\/p>\n","protected":false},"featured_media":1004,"comment_status":"closed","ping_status":"closed","template":"","meta":[],"product_brand":[],"product_cat":[1211,1210],"product_tag":[],"boxes-ages":[],"class_list":{"0":"post-13189","1":"product","2":"type-product","3":"status-publish","4":"has-post-thumbnail","6":"product_cat-emotionen","7":"product_cat-schlaf","9":"first","10":"instock","11":"taxable","12":"shipping-taxable","13":"purchasable","14":"product-type-simple"},"_links":{"self":[{"href":"https:\/\/x1eg-staging.duckrabbit.ch\/de\/wp-json\/wp\/v2\/product\/13189","targetHints":{"allow":["GET"]}}],"collection":[{"href":"https:\/\/x1eg-staging.duckrabbit.ch\/de\/wp-json\/wp\/v2\/product"}],"about":[{"href":"https:\/\/x1eg-staging.duckrabbit.ch\/de\/wp-json\/wp\/v2\/types\/product"}],"replies":[{"embeddable":true,"href":"https:\/\/x1eg-staging.duckrabbit.ch\/de\/wp-json\/wp\/v2\/comments?post=13189"}],"version-history":[{"count":0,"href":"https:\/\/x1eg-staging.duckrabbit.ch\/de\/wp-json\/wp\/v2\/product\/13189\/revisions"}],"wp:featuredmedia":[{"embeddable":true,"href":"https:\/\/x1eg-staging.duckrabbit.ch\/de\/wp-json\/wp\/v2\/media\/1004"}],"wp:attachment":[{"href":"https:\/\/x1eg-staging.duckrabbit.ch\/de\/wp-json\/wp\/v2\/media?parent=13189"}],"wp:term":[{"taxonomy":"product_brand","embeddable":true,"href":"https:\/\/x1eg-staging.duckrabbit.ch\/de\/wp-json\/wp\/v2\/product_brand?post=13189"},{"taxonomy":"product_cat","embeddable":true,"href":"https:\/\/x1eg-staging.duckrabbit.ch\/de\/wp-json\/wp\/v2\/product_cat?post=13189"},{"taxonomy":"product_tag","embeddable":true,"href":"https:\/\/x1eg-staging.duckrabbit.ch\/de\/wp-json\/wp\/v2\/product_tag?post=13189"},{"taxonomy":"boxes-ages","embeddable":true,"href":"https:\/\/x1eg-staging.duckrabbit.ch\/de\/wp-json\/wp\/v2\/boxes-ages?post=13189"}],"curies":[{"name":"wp","href":"https:\/\/api.w.org\/{rel}","templated":true}]}}