{"id":13185,"date":"2025-02-23T15:27:56","date_gmt":"2025-02-23T15:27:56","guid":{"rendered":"https:\/\/x1eg-staging.duckrabbit.ch\/produit\/hochet-marcel-lours-3\/"},"modified":"2025-06-10T10:33:32","modified_gmt":"2025-06-10T10:33:32","slug":"hochet-marcel-lours-3","status":"publish","type":"product","link":"https:\/\/x1eg-staging.duckrabbit.ch\/de\/produit\/hochet-marcel-lours-3\/","title":{"rendered":"Hochet &#8211; Marcel l&rsquo;Ours"},"content":{"rendered":"","protected":false},"excerpt":{"rendered":"<p>D\u00e9clin\u00e9 en boite \u00e0 musique, en voiture et en parapluie, ce hochet en bois laqu\u00e9 fait partie d&#8217;une collection d&#8217;animaux imagin\u00e9s et fabriqu\u00e9s dans notre atelier du Jura en France.<\/p>\n<p>Une bande de copains compos\u00e9e de Ren\u00e9 le pingouin, Marcel l&#8217;ours, Raoul le lapin, Alice la koala, Mariette la minette et enfin Lucien le chien. Pour lequel allez-vous craquer ?<\/p>\n<p>Fabriqu\u00e9 en France, ce jouet est laqu\u00e9 suivant un proc\u00e9d\u00e9 unique d&#8217;immersion dans des bains de laque qui fait la renomm\u00e9e de notre atelier de fabrication du Jura.<\/p>\n","protected":false},"featured_media":1092,"comment_status":"closed","ping_status":"closed","template":"","meta":[],"product_brand":[],"product_cat":[29,30],"product_tag":[],"boxes-ages":[],"class_list":{"0":"post-13185","1":"product","2":"type-product","3":"status-publish","4":"has-post-thumbnail","6":"product_cat-motricite","7":"product_cat-perception","9":"first","10":"instock","11":"taxable","12":"shipping-taxable","13":"purchasable","14":"product-type-simple"},"_links":{"self":[{"href":"https:\/\/x1eg-staging.duckrabbit.ch\/de\/wp-json\/wp\/v2\/product\/13185","targetHints":{"allow":["GET"]}}],"collection":[{"href":"https:\/\/x1eg-staging.duckrabbit.ch\/de\/wp-json\/wp\/v2\/product"}],"about":[{"href":"https:\/\/x1eg-staging.duckrabbit.ch\/de\/wp-json\/wp\/v2\/types\/product"}],"replies":[{"embeddable":true,"href":"https:\/\/x1eg-staging.duckrabbit.ch\/de\/wp-json\/wp\/v2\/comments?post=13185"}],"version-history":[{"count":0,"href":"https:\/\/x1eg-staging.duckrabbit.ch\/de\/wp-json\/wp\/v2\/product\/13185\/revisions"}],"wp:featuredmedia":[{"embeddable":true,"href":"https:\/\/x1eg-staging.duckrabbit.ch\/de\/wp-json\/wp\/v2\/media\/1092"}],"wp:attachment":[{"href":"https:\/\/x1eg-staging.duckrabbit.ch\/de\/wp-json\/wp\/v2\/media?parent=13185"}],"wp:term":[{"taxonomy":"product_brand","embeddable":true,"href":"https:\/\/x1eg-staging.duckrabbit.ch\/de\/wp-json\/wp\/v2\/product_brand?post=13185"},{"taxonomy":"product_cat","embeddable":true,"href":"https:\/\/x1eg-staging.duckrabbit.ch\/de\/wp-json\/wp\/v2\/product_cat?post=13185"},{"taxonomy":"product_tag","embeddable":true,"href":"https:\/\/x1eg-staging.duckrabbit.ch\/de\/wp-json\/wp\/v2\/product_tag?post=13185"},{"taxonomy":"boxes-ages","embeddable":true,"href":"https:\/\/x1eg-staging.duckrabbit.ch\/de\/wp-json\/wp\/v2\/boxes-ages?post=13185"}],"curies":[{"name":"wp","href":"https:\/\/api.w.org\/{rel}","templated":true}]}}