{"id":13168,"date":"2025-02-23T15:27:56","date_gmt":"2025-02-23T15:27:56","guid":{"rendered":"https:\/\/x1eg-staging.duckrabbit.ch\/produit\/jeu-deveil-123-compter-jusqua-10-2\/"},"modified":"2025-06-10T10:33:31","modified_gmt":"2025-06-10T10:33:31","slug":"jeu-deveil-123-compter-jusqua-10-2","status":"publish","type":"product","link":"https:\/\/x1eg-staging.duckrabbit.ch\/de\/produit\/jeu-deveil-123-compter-jusqua-10-2\/","title":{"rendered":"Jeu d&rsquo;\u00e9veil 1,2,3 &#8211; Compter jusqu&rsquo;\u00e0 10"},"content":{"rendered":"<p>Avis de l&#8217;expert<br \/>\nLe Jeu d&#8217;\u00e9veil 1.2.3 &#8211; Compter jusqu&#8217;\u00e0 10 est un jeu \u00e9ducatif con\u00e7u pour favoriser l&#8217;apprentissage pr\u00e9coce des nombres tout en d\u00e9veloppant les comp\u00e9tences motrices et cognitives des enfants.<\/p>\n<p>En manipulant les chiffres et les formes de couleurs vari\u00e9es, les enfants apprennent \u00e0 associer les nombres \u00e0 leurs repr\u00e9sentations quantitatives, renfor\u00e7ant ainsi leur compr\u00e9hension de la num\u00e9ration de 1 \u00e0 10.<\/p>\n<p>De plus, en positionnant correctement les chiffres, ils am\u00e9liorent leur perception visuelle, leur capacit\u00e9 \u00e0 les ordonner, ainsi que leur compr\u00e9hension des grandeurs, tout en d\u00e9veloppant leur coordination \u0153il-main.<\/p>\n<p>Ce jeu offre une exp\u00e9rience ludique et enrichissante, encourageant le d\u00e9veloppement de la motricit\u00e9 fine, de la coordination main-oeil et de la compr\u00e9hension des concepts math\u00e9matiques d\u00e8s le jeune \u00e2ge.<\/p>\n","protected":false},"excerpt":{"rendered":"<p>Ce jouet permet aux enfants de d\u00e9velopper leur coordination manuelle et visuelle, d&#8217;observer, de s&#8217;initier \u00e0 la num\u00e9ration de 1 \u00e0 10, de trier par couleur et de classer. Con\u00e7u par l&#8217;\u00e9quipe de designers et experts de l&#8217;enfance de VILAC, ce jouet est un formidable support pour faire grandir les petits.<\/p>\n","protected":false},"featured_media":1046,"comment_status":"closed","ping_status":"closed","template":"","meta":[],"product_brand":[],"product_cat":[28,29],"product_tag":[],"boxes-ages":[],"class_list":{"0":"post-13168","1":"product","2":"type-product","3":"status-publish","4":"has-post-thumbnail","6":"product_cat-mathematiques-et-logique","7":"product_cat-motricite","9":"first","10":"instock","11":"taxable","12":"shipping-taxable","13":"purchasable","14":"product-type-simple"},"_links":{"self":[{"href":"https:\/\/x1eg-staging.duckrabbit.ch\/de\/wp-json\/wp\/v2\/product\/13168","targetHints":{"allow":["GET"]}}],"collection":[{"href":"https:\/\/x1eg-staging.duckrabbit.ch\/de\/wp-json\/wp\/v2\/product"}],"about":[{"href":"https:\/\/x1eg-staging.duckrabbit.ch\/de\/wp-json\/wp\/v2\/types\/product"}],"replies":[{"embeddable":true,"href":"https:\/\/x1eg-staging.duckrabbit.ch\/de\/wp-json\/wp\/v2\/comments?post=13168"}],"version-history":[{"count":0,"href":"https:\/\/x1eg-staging.duckrabbit.ch\/de\/wp-json\/wp\/v2\/product\/13168\/revisions"}],"wp:featuredmedia":[{"embeddable":true,"href":"https:\/\/x1eg-staging.duckrabbit.ch\/de\/wp-json\/wp\/v2\/media\/1046"}],"wp:attachment":[{"href":"https:\/\/x1eg-staging.duckrabbit.ch\/de\/wp-json\/wp\/v2\/media?parent=13168"}],"wp:term":[{"taxonomy":"product_brand","embeddable":true,"href":"https:\/\/x1eg-staging.duckrabbit.ch\/de\/wp-json\/wp\/v2\/product_brand?post=13168"},{"taxonomy":"product_cat","embeddable":true,"href":"https:\/\/x1eg-staging.duckrabbit.ch\/de\/wp-json\/wp\/v2\/product_cat?post=13168"},{"taxonomy":"product_tag","embeddable":true,"href":"https:\/\/x1eg-staging.duckrabbit.ch\/de\/wp-json\/wp\/v2\/product_tag?post=13168"},{"taxonomy":"boxes-ages","embeddable":true,"href":"https:\/\/x1eg-staging.duckrabbit.ch\/de\/wp-json\/wp\/v2\/boxes-ages?post=13168"}],"curies":[{"name":"wp","href":"https:\/\/api.w.org\/{rel}","templated":true}]}}