{"id":13156,"date":"2025-02-23T15:27:56","date_gmt":"2025-02-23T15:27:56","guid":{"rendered":"https:\/\/x1eg-staging.duckrabbit.ch\/produit\/la-grande-famille-peluche-gaspard-le-renard-2\/"},"modified":"2025-06-10T10:33:30","modified_gmt":"2025-06-10T10:33:30","slug":"la-grande-famille-peluche-gaspard-le-renard-2","status":"publish","type":"product","link":"https:\/\/x1eg-staging.duckrabbit.ch\/de\/produit\/la-grande-famille-peluche-gaspard-le-renard-2\/","title":{"rendered":"La Grande Famille &#8211; Peluche Gaspard le Renard"},"content":{"rendered":"<p>Avis de l&#8217;expert<br \/>\nGaspard le renard devient un objet transitionnel important pour les tout-petits. Sa texture douce et son apparence aimable offrent \u00e0 l&#8217;enfant un sentiment de s\u00e9curit\u00e9 et de familiarit\u00e9, aidant ainsi \u00e0 r\u00e9guler ses \u00e9motions, en particulier lors de moments de r\u00e9confort, de transition, comme lors du coucher. Avec Gaspard \u00e0 ses c\u00f4t\u00e9s, b\u00e9b\u00e9 peut se sentir soutenu et apais\u00e9, aidant au d\u00e9veloppement \u00e9motionnel sain et une relation affectueuse avec son nouvel ami renard.<\/p>\n","protected":false},"excerpt":{"rendered":"<p>Peluche Gaspard le renard Les Tout Petits de La Grande Famille, malin et rus\u00e9, il est aussi le tendre compagnon de b\u00e9b\u00e9. Tout en velours \u00e9ponge, il est v\u00eatu d&#8217;une combinaison salopette ray\u00e9e en pilou.<\/p>\n","protected":false},"featured_media":1028,"comment_status":"closed","ping_status":"closed","template":"","meta":[],"product_brand":[],"product_cat":[1211,1210],"product_tag":[],"boxes-ages":[],"class_list":{"0":"post-13156","1":"product","2":"type-product","3":"status-publish","4":"has-post-thumbnail","6":"product_cat-emotionen","7":"product_cat-schlaf","9":"first","10":"instock","11":"taxable","12":"shipping-taxable","13":"purchasable","14":"product-type-simple"},"_links":{"self":[{"href":"https:\/\/x1eg-staging.duckrabbit.ch\/de\/wp-json\/wp\/v2\/product\/13156","targetHints":{"allow":["GET"]}}],"collection":[{"href":"https:\/\/x1eg-staging.duckrabbit.ch\/de\/wp-json\/wp\/v2\/product"}],"about":[{"href":"https:\/\/x1eg-staging.duckrabbit.ch\/de\/wp-json\/wp\/v2\/types\/product"}],"replies":[{"embeddable":true,"href":"https:\/\/x1eg-staging.duckrabbit.ch\/de\/wp-json\/wp\/v2\/comments?post=13156"}],"version-history":[{"count":0,"href":"https:\/\/x1eg-staging.duckrabbit.ch\/de\/wp-json\/wp\/v2\/product\/13156\/revisions"}],"wp:featuredmedia":[{"embeddable":true,"href":"https:\/\/x1eg-staging.duckrabbit.ch\/de\/wp-json\/wp\/v2\/media\/1028"}],"wp:attachment":[{"href":"https:\/\/x1eg-staging.duckrabbit.ch\/de\/wp-json\/wp\/v2\/media?parent=13156"}],"wp:term":[{"taxonomy":"product_brand","embeddable":true,"href":"https:\/\/x1eg-staging.duckrabbit.ch\/de\/wp-json\/wp\/v2\/product_brand?post=13156"},{"taxonomy":"product_cat","embeddable":true,"href":"https:\/\/x1eg-staging.duckrabbit.ch\/de\/wp-json\/wp\/v2\/product_cat?post=13156"},{"taxonomy":"product_tag","embeddable":true,"href":"https:\/\/x1eg-staging.duckrabbit.ch\/de\/wp-json\/wp\/v2\/product_tag?post=13156"},{"taxonomy":"boxes-ages","embeddable":true,"href":"https:\/\/x1eg-staging.duckrabbit.ch\/de\/wp-json\/wp\/v2\/boxes-ages?post=13156"}],"curies":[{"name":"wp","href":"https:\/\/api.w.org\/{rel}","templated":true}]}}