{"id":13129,"date":"2025-02-23T15:28:54","date_gmt":"2025-02-23T15:28:54","guid":{"rendered":"https:\/\/x1eg-staging.duckrabbit.ch\/produit\/sous-mon-baobab-peluche-lion-paprika-3\/"},"modified":"2025-06-10T10:33:28","modified_gmt":"2025-06-10T10:33:28","slug":"sous-mon-baobab-peluche-lion-paprika-3","status":"publish","type":"product","link":"https:\/\/x1eg-staging.duckrabbit.ch\/de\/produit\/sous-mon-baobab-peluche-lion-paprika-3\/","title":{"rendered":"Sous Mon Baobab &#8211; Peluche Lion Paprika"},"content":{"rendered":"<p>Avis de l&#8217;expert<br \/>\nAvec son grand sourire et ses multiples textures \u00e0 explorer, le doudou Paprika le lion offre une exp\u00e9rience sensorielle captivante aux enfants, avec ses longues pattes, sa crini\u00e8re, ses moustaches et son corps moelleux.<\/p>\n<p>Install\u00e9 dans une jolie bo\u00eete, Paprika le lion devient rapidement un objet transitionnel pr\u00e9cieux pour les enfants. En offrant un sentiment de s\u00e9curit\u00e9 et de r\u00e9confort, il encourage les enfants \u00e0 d\u00e9velopper leur autonomie et \u00e0 dormir seuls dans leur chambre. De plus, en fournissant un moyen tangible de r\u00e9guler leurs \u00e9motions, Paprika aide les enfants \u00e0 surmonter les d\u00e9fis du coucher et \u00e0 trouver le calme n\u00e9cessaire pour s&#8217;endormir paisiblement.<\/p>\n","protected":false},"excerpt":{"rendered":"<p>Paprika le lion nous offre un grand sourire et plein de curiosit\u00e9s au toucher : de longues pattes \u00e0 attraper, une crini\u00e8re et des moustaches \u00e0 tortiller, et un corps moelleux pour se reposer\u2026 Il est install\u00e9 dans une jolie bo\u00eete cadeau toute en rondeur.<\/p>\n","protected":false},"featured_media":1130,"comment_status":"closed","ping_status":"closed","template":"","meta":[],"product_brand":[],"product_cat":[1211,1210],"product_tag":[],"boxes-ages":[],"class_list":{"0":"post-13129","1":"product","2":"type-product","3":"status-publish","4":"has-post-thumbnail","6":"product_cat-emotionen","7":"product_cat-schlaf","9":"first","10":"instock","11":"taxable","12":"shipping-taxable","13":"purchasable","14":"product-type-simple"},"_links":{"self":[{"href":"https:\/\/x1eg-staging.duckrabbit.ch\/de\/wp-json\/wp\/v2\/product\/13129","targetHints":{"allow":["GET"]}}],"collection":[{"href":"https:\/\/x1eg-staging.duckrabbit.ch\/de\/wp-json\/wp\/v2\/product"}],"about":[{"href":"https:\/\/x1eg-staging.duckrabbit.ch\/de\/wp-json\/wp\/v2\/types\/product"}],"replies":[{"embeddable":true,"href":"https:\/\/x1eg-staging.duckrabbit.ch\/de\/wp-json\/wp\/v2\/comments?post=13129"}],"version-history":[{"count":0,"href":"https:\/\/x1eg-staging.duckrabbit.ch\/de\/wp-json\/wp\/v2\/product\/13129\/revisions"}],"wp:featuredmedia":[{"embeddable":true,"href":"https:\/\/x1eg-staging.duckrabbit.ch\/de\/wp-json\/wp\/v2\/media\/1130"}],"wp:attachment":[{"href":"https:\/\/x1eg-staging.duckrabbit.ch\/de\/wp-json\/wp\/v2\/media?parent=13129"}],"wp:term":[{"taxonomy":"product_brand","embeddable":true,"href":"https:\/\/x1eg-staging.duckrabbit.ch\/de\/wp-json\/wp\/v2\/product_brand?post=13129"},{"taxonomy":"product_cat","embeddable":true,"href":"https:\/\/x1eg-staging.duckrabbit.ch\/de\/wp-json\/wp\/v2\/product_cat?post=13129"},{"taxonomy":"product_tag","embeddable":true,"href":"https:\/\/x1eg-staging.duckrabbit.ch\/de\/wp-json\/wp\/v2\/product_tag?post=13129"},{"taxonomy":"boxes-ages","embeddable":true,"href":"https:\/\/x1eg-staging.duckrabbit.ch\/de\/wp-json\/wp\/v2\/boxes-ages?post=13129"}],"curies":[{"name":"wp","href":"https:\/\/api.w.org\/{rel}","templated":true}]}}