{"id":13117,"date":"2025-02-23T15:29:18","date_gmt":"2025-02-23T15:29:18","guid":{"rendered":"https:\/\/x1eg-staging.duckrabbit.ch\/produit\/camelot-jr-3\/"},"modified":"2025-06-10T10:33:27","modified_gmt":"2025-06-10T10:33:27","slug":"camelot-jr-3","status":"publish","type":"product","link":"https:\/\/x1eg-staging.duckrabbit.ch\/de\/produit\/camelot-jr-3\/","title":{"rendered":"Camelot Jr"},"content":{"rendered":"<p>Avis de l&#8217;expert<br \/>\nCe jeu de construction demande \u00e0 l&#8217;enfant de r\u00e9soudre des \u00e9nigmes complexes pour aider le chevalier et la princesse \u00e0 se retrouver. Le joueur doit manipuler les blocs et les orienter correctement pour construire des structures stables qui permettent d&#8217;atteindre l&#8217;objectif. Cela renforce leur motricit\u00e9 fine et leur coordination oeil-main.<\/p>\n<p>En explorant diff\u00e9rentes possibilit\u00e9s au fur \u00e0 mesure des d\u00e9fis, le joueur d\u00e9veloppe sa capacit\u00e9 \u00e0 penser de mani\u00e8re innovante. Petit \u00e0 petit Camelot Jr permet de d\u00e9velopper de nouveaux assemblages logiques de plus en plus complexes et subtiles qui enrichissent le d\u00e9veloppement du raisonnement spatial chez l&#8217;enfant.<\/p>\n","protected":false},"excerpt":{"rendered":"<p>Aidez le chevalier et la princesse \u00e0 se rejoindre ! Il \u00e9tait une fois une Princesse et un Chevalier qui devaient trouver leur chemin pour se rencontrer&#8230; Cela pourrait \u00eatre le d\u00e9but d&#8217;une belle histoire ? Alors pour bien la commencer, essayons d&#8217;abord de r\u00e9unir les personnages principaux !<\/p>\n<p>Pour cela, vous choisirez un d\u00e9fi et n&#8217;utiliserez que les pi\u00e8ces demand\u00e9es pour permettre \u00e0 l&#8217;un et l\u2019autre de se rejoindre. Mais vous devrez faire attention \u00e0 ce que le chemin en question soit praticable et sans danger !<\/p>\n<p>Combinez au mieux le sens des pi\u00e8ces et leurs formes pour constituer des escaliers ou ponts sur lesquels puissent marcher vos h\u00e9ros. Car, tous personnages de jeu qu&#8217;ils soient, ils ne savent ni grimper ni sauter !<\/p>\n","protected":false},"featured_media":1184,"comment_status":"closed","ping_status":"closed","template":"","meta":[],"product_brand":[],"product_cat":[23,28],"product_tag":[],"boxes-ages":[],"class_list":{"0":"post-13117","1":"product","2":"type-product","3":"status-publish","4":"has-post-thumbnail","6":"product_cat-fonctions-executives","7":"product_cat-mathematiques-et-logique","9":"first","10":"instock","11":"taxable","12":"shipping-taxable","13":"purchasable","14":"product-type-simple"},"_links":{"self":[{"href":"https:\/\/x1eg-staging.duckrabbit.ch\/de\/wp-json\/wp\/v2\/product\/13117","targetHints":{"allow":["GET"]}}],"collection":[{"href":"https:\/\/x1eg-staging.duckrabbit.ch\/de\/wp-json\/wp\/v2\/product"}],"about":[{"href":"https:\/\/x1eg-staging.duckrabbit.ch\/de\/wp-json\/wp\/v2\/types\/product"}],"replies":[{"embeddable":true,"href":"https:\/\/x1eg-staging.duckrabbit.ch\/de\/wp-json\/wp\/v2\/comments?post=13117"}],"version-history":[{"count":0,"href":"https:\/\/x1eg-staging.duckrabbit.ch\/de\/wp-json\/wp\/v2\/product\/13117\/revisions"}],"wp:featuredmedia":[{"embeddable":true,"href":"https:\/\/x1eg-staging.duckrabbit.ch\/de\/wp-json\/wp\/v2\/media\/1184"}],"wp:attachment":[{"href":"https:\/\/x1eg-staging.duckrabbit.ch\/de\/wp-json\/wp\/v2\/media?parent=13117"}],"wp:term":[{"taxonomy":"product_brand","embeddable":true,"href":"https:\/\/x1eg-staging.duckrabbit.ch\/de\/wp-json\/wp\/v2\/product_brand?post=13117"},{"taxonomy":"product_cat","embeddable":true,"href":"https:\/\/x1eg-staging.duckrabbit.ch\/de\/wp-json\/wp\/v2\/product_cat?post=13117"},{"taxonomy":"product_tag","embeddable":true,"href":"https:\/\/x1eg-staging.duckrabbit.ch\/de\/wp-json\/wp\/v2\/product_tag?post=13117"},{"taxonomy":"boxes-ages","embeddable":true,"href":"https:\/\/x1eg-staging.duckrabbit.ch\/de\/wp-json\/wp\/v2\/boxes-ages?post=13117"}],"curies":[{"name":"wp","href":"https:\/\/api.w.org\/{rel}","templated":true}]}}