{"id":13109,"date":"2025-02-23T15:29:18","date_gmt":"2025-02-23T15:29:18","guid":{"rendered":"https:\/\/x1eg-staging.duckrabbit.ch\/produit\/i-wood-quizz-des-formes-2\/"},"modified":"2025-06-10T10:33:26","modified_gmt":"2025-06-10T10:33:26","slug":"i-wood-quizz-des-formes-2","status":"publish","type":"product","link":"https:\/\/x1eg-staging.duckrabbit.ch\/de\/produit\/i-wood-quizz-des-formes-2\/","title":{"rendered":"I Wood &#8211; Quizz des Formes"},"content":{"rendered":"","protected":false},"excerpt":{"rendered":"<p>Jouet d&#8217;\u00e9veil malin color\u00e9 et \u00e9ducatif, que demander de plus ? Cette boite \u00e0 formes avec 6 cubes de formes et de couleurs diff\u00e9rentes \u00e0 encastrer est id\u00e9ale pour l&#8217;apprentissage des tout-petits ! B\u00e9b\u00e9 va d\u00e9velopper sa coordination en s&#8217;amusant \u00e0 faire tomber les formes dans la boite. Tr\u00e8s pratique, le couvercle magn\u00e9tique s&#8217;enl\u00e8ve pour r\u00e9cup\u00e9rer facilement les pi\u00e8ces. Pour plus de s\u00e9curit\u00e9, les magnets sont encapsul\u00e9s. B\u00e9b\u00e9 pourra \u00e9galement s&#8217;amuser \u00e0 faire rouler le quizz ! Peinture \u00e0 l&#8217;eau.<\/p>\n","protected":false},"featured_media":1146,"comment_status":"closed","ping_status":"closed","template":"","meta":[],"product_brand":[],"product_cat":[23,29,30],"product_tag":[],"boxes-ages":[],"class_list":{"0":"post-13109","1":"product","2":"type-product","3":"status-publish","4":"has-post-thumbnail","6":"product_cat-fonctions-executives","7":"product_cat-motricite","8":"product_cat-perception","10":"first","11":"instock","12":"taxable","13":"shipping-taxable","14":"purchasable","15":"product-type-simple"},"_links":{"self":[{"href":"https:\/\/x1eg-staging.duckrabbit.ch\/de\/wp-json\/wp\/v2\/product\/13109","targetHints":{"allow":["GET"]}}],"collection":[{"href":"https:\/\/x1eg-staging.duckrabbit.ch\/de\/wp-json\/wp\/v2\/product"}],"about":[{"href":"https:\/\/x1eg-staging.duckrabbit.ch\/de\/wp-json\/wp\/v2\/types\/product"}],"replies":[{"embeddable":true,"href":"https:\/\/x1eg-staging.duckrabbit.ch\/de\/wp-json\/wp\/v2\/comments?post=13109"}],"version-history":[{"count":0,"href":"https:\/\/x1eg-staging.duckrabbit.ch\/de\/wp-json\/wp\/v2\/product\/13109\/revisions"}],"wp:featuredmedia":[{"embeddable":true,"href":"https:\/\/x1eg-staging.duckrabbit.ch\/de\/wp-json\/wp\/v2\/media\/1146"}],"wp:attachment":[{"href":"https:\/\/x1eg-staging.duckrabbit.ch\/de\/wp-json\/wp\/v2\/media?parent=13109"}],"wp:term":[{"taxonomy":"product_brand","embeddable":true,"href":"https:\/\/x1eg-staging.duckrabbit.ch\/de\/wp-json\/wp\/v2\/product_brand?post=13109"},{"taxonomy":"product_cat","embeddable":true,"href":"https:\/\/x1eg-staging.duckrabbit.ch\/de\/wp-json\/wp\/v2\/product_cat?post=13109"},{"taxonomy":"product_tag","embeddable":true,"href":"https:\/\/x1eg-staging.duckrabbit.ch\/de\/wp-json\/wp\/v2\/product_tag?post=13109"},{"taxonomy":"boxes-ages","embeddable":true,"href":"https:\/\/x1eg-staging.duckrabbit.ch\/de\/wp-json\/wp\/v2\/boxes-ages?post=13109"}],"curies":[{"name":"wp","href":"https:\/\/api.w.org\/{rel}","templated":true}]}}