{"id":13105,"date":"2025-02-23T15:29:18","date_gmt":"2025-02-23T15:29:18","guid":{"rendered":"https:\/\/x1eg-staging.duckrabbit.ch\/produit\/coffret-musical-leo-le-lion-3\/"},"modified":"2025-06-10T10:33:26","modified_gmt":"2025-06-10T10:33:26","slug":"coffret-musical-leo-le-lion-3","status":"publish","type":"product","link":"https:\/\/x1eg-staging.duckrabbit.ch\/de\/produit\/coffret-musical-leo-le-lion-3\/","title":{"rendered":"Coffret Musical &#8211; L\u00e9o le Lion"},"content":{"rendered":"","protected":false},"excerpt":{"rendered":"<p>Les enfants adorent faire de la musique tout seuls ! Avec l\u2019ensemble de jeux L\u00e9o le lion, ils pourront reproduire les sons et les rythmes les plus divers gr\u00e2ce au tambour-lion (avec tambour, hochet \u00e0 bruit de billes et crini\u00e8re \u00e0 faire cliqueter), aux castagnettes et aux cubes sonores. M\u00eame les plus petits pourront aborder le monde des sons de mani\u00e8re ludique.<\/p>\n","protected":false},"featured_media":1142,"comment_status":"closed","ping_status":"closed","template":"","meta":[],"product_brand":[],"product_cat":[30],"product_tag":[],"boxes-ages":[],"class_list":{"0":"post-13105","1":"product","2":"type-product","3":"status-publish","4":"has-post-thumbnail","6":"product_cat-perception","8":"first","9":"instock","10":"taxable","11":"shipping-taxable","12":"purchasable","13":"product-type-simple"},"_links":{"self":[{"href":"https:\/\/x1eg-staging.duckrabbit.ch\/de\/wp-json\/wp\/v2\/product\/13105","targetHints":{"allow":["GET"]}}],"collection":[{"href":"https:\/\/x1eg-staging.duckrabbit.ch\/de\/wp-json\/wp\/v2\/product"}],"about":[{"href":"https:\/\/x1eg-staging.duckrabbit.ch\/de\/wp-json\/wp\/v2\/types\/product"}],"replies":[{"embeddable":true,"href":"https:\/\/x1eg-staging.duckrabbit.ch\/de\/wp-json\/wp\/v2\/comments?post=13105"}],"version-history":[{"count":0,"href":"https:\/\/x1eg-staging.duckrabbit.ch\/de\/wp-json\/wp\/v2\/product\/13105\/revisions"}],"wp:featuredmedia":[{"embeddable":true,"href":"https:\/\/x1eg-staging.duckrabbit.ch\/de\/wp-json\/wp\/v2\/media\/1142"}],"wp:attachment":[{"href":"https:\/\/x1eg-staging.duckrabbit.ch\/de\/wp-json\/wp\/v2\/media?parent=13105"}],"wp:term":[{"taxonomy":"product_brand","embeddable":true,"href":"https:\/\/x1eg-staging.duckrabbit.ch\/de\/wp-json\/wp\/v2\/product_brand?post=13105"},{"taxonomy":"product_cat","embeddable":true,"href":"https:\/\/x1eg-staging.duckrabbit.ch\/de\/wp-json\/wp\/v2\/product_cat?post=13105"},{"taxonomy":"product_tag","embeddable":true,"href":"https:\/\/x1eg-staging.duckrabbit.ch\/de\/wp-json\/wp\/v2\/product_tag?post=13105"},{"taxonomy":"boxes-ages","embeddable":true,"href":"https:\/\/x1eg-staging.duckrabbit.ch\/de\/wp-json\/wp\/v2\/boxes-ages?post=13105"}],"curies":[{"name":"wp","href":"https:\/\/api.w.org\/{rel}","templated":true}]}}