{"id":13101,"date":"2025-02-23T15:29:18","date_gmt":"2025-02-23T15:29:18","guid":{"rendered":"https:\/\/x1eg-staging.duckrabbit.ch\/produit\/lanterne-magique-revolution-2-0-trois-petits-lapins-2\/"},"modified":"2025-06-10T10:33:26","modified_gmt":"2025-06-10T10:33:26","slug":"lanterne-magique-revolution-2-0-trois-petits-lapins-2","status":"publish","type":"product","link":"https:\/\/x1eg-staging.duckrabbit.ch\/de\/produit\/lanterne-magique-revolution-2-0-trois-petits-lapins-2\/","title":{"rendered":"Lanterne Magique &#8211; R\u00e9volution 2.0 &#8211; Trois Petits Lapins"},"content":{"rendered":"<p>Avis de l&#8217;expert<br \/>\nCette lanterne magique pour b\u00e9b\u00e9, avec ses adorables lapins dans un jardin, est plus qu&#8217;un objet d\u00e9coratif. Elle offre une gamme de fonctionnalit\u00e9s con\u00e7ues pour aider b\u00e9b\u00e9 \u00e0 s&#8217;endormir paisiblement et \u00e0 r\u00e9guler ses \u00e9motions. En projetant des \u00e9toiles apaisantes dans la chambre, cette lanterne cr\u00e9e un environnement s\u00e9curisant, propice \u00e0 la d\u00e9tente et au sommeil. De plus, elle joue 4 berceuses douces qui calment b\u00e9b\u00e9 et l&#8217;aident \u00e0 se relaxer, en ritualisant l&#8217;heure du sommeil.<\/p>\n<p>Mais ce n&#8217;est pas tout, cette lanterne magique peut se connecter \u00e0 distance, ce qui permet aux parents de contr\u00f4ler les r\u00e9glages sans d\u00e9ranger b\u00e9b\u00e9. De plus, elle est \u00e9quip\u00e9e d&#8217;un capteur qui d\u00e9tecte m\u00eame les pleurs de b\u00e9b\u00e9, d\u00e9clenchant automatiquement des fonctionnalit\u00e9s apaisantes pour l&#8217;aider \u00e0 se rendormir.<\/p>\n<p>Facile \u00e0 utiliser avec son cable USB inclus, cette lanterne offre aux parents et \u00e0 b\u00e9b\u00e9 une solution innovante pour r\u00e9guler les \u00e9motions de b\u00e9b\u00e9 et favoriser un sommeil paisible et r\u00e9parateur.<\/p>\n","protected":false},"excerpt":{"rendered":"<p>Lanterne magique pour endormir b\u00e9b\u00e9 avec les lapins au jardin, comme d\u00e9cor dans la chambre. Multifonction, elle projette des \u00e9toiles, joue 4 berceuses, se connecte \u00e0 distance et d\u00e9tecte m\u00eame les pleurs ! C\u00e2ble USB inclus.<\/p>\n","protected":false},"featured_media":1141,"comment_status":"closed","ping_status":"closed","template":"","meta":[],"product_brand":[],"product_cat":[1210],"product_tag":[],"boxes-ages":[],"class_list":{"0":"post-13101","1":"product","2":"type-product","3":"status-publish","4":"has-post-thumbnail","6":"product_cat-schlaf","8":"first","9":"instock","10":"taxable","11":"shipping-taxable","12":"purchasable","13":"product-type-simple"},"_links":{"self":[{"href":"https:\/\/x1eg-staging.duckrabbit.ch\/de\/wp-json\/wp\/v2\/product\/13101","targetHints":{"allow":["GET"]}}],"collection":[{"href":"https:\/\/x1eg-staging.duckrabbit.ch\/de\/wp-json\/wp\/v2\/product"}],"about":[{"href":"https:\/\/x1eg-staging.duckrabbit.ch\/de\/wp-json\/wp\/v2\/types\/product"}],"replies":[{"embeddable":true,"href":"https:\/\/x1eg-staging.duckrabbit.ch\/de\/wp-json\/wp\/v2\/comments?post=13101"}],"version-history":[{"count":0,"href":"https:\/\/x1eg-staging.duckrabbit.ch\/de\/wp-json\/wp\/v2\/product\/13101\/revisions"}],"wp:featuredmedia":[{"embeddable":true,"href":"https:\/\/x1eg-staging.duckrabbit.ch\/de\/wp-json\/wp\/v2\/media\/1141"}],"wp:attachment":[{"href":"https:\/\/x1eg-staging.duckrabbit.ch\/de\/wp-json\/wp\/v2\/media?parent=13101"}],"wp:term":[{"taxonomy":"product_brand","embeddable":true,"href":"https:\/\/x1eg-staging.duckrabbit.ch\/de\/wp-json\/wp\/v2\/product_brand?post=13101"},{"taxonomy":"product_cat","embeddable":true,"href":"https:\/\/x1eg-staging.duckrabbit.ch\/de\/wp-json\/wp\/v2\/product_cat?post=13101"},{"taxonomy":"product_tag","embeddable":true,"href":"https:\/\/x1eg-staging.duckrabbit.ch\/de\/wp-json\/wp\/v2\/product_tag?post=13101"},{"taxonomy":"boxes-ages","embeddable":true,"href":"https:\/\/x1eg-staging.duckrabbit.ch\/de\/wp-json\/wp\/v2\/boxes-ages?post=13101"}],"curies":[{"name":"wp","href":"https:\/\/api.w.org\/{rel}","templated":true}]}}