{"id":13095,"date":"2025-02-23T15:29:40","date_gmt":"2025-02-23T15:29:40","guid":{"rendered":"https:\/\/x1eg-staging.duckrabbit.ch\/produit\/kaleidos-2\/"},"modified":"2025-06-10T10:33:25","modified_gmt":"2025-06-10T10:33:25","slug":"kaleidos-2","status":"publish","type":"product","link":"https:\/\/x1eg-staging.duckrabbit.ch\/de\/produit\/kaleidos-2\/","title":{"rendered":"Kaleidos"},"content":{"rendered":"","protected":false},"excerpt":{"rendered":"<p>Dans Kaleidos, le but du jeu est d&#8217;identifier dans des images sp\u00e9cialement cr\u00e9\u00e9es le plus grand nombre d&#8217;\u00e9l\u00e9ments dont le nom commence par une lettre s\u00e9lectionn\u00e9e au hasard. Chaque image contient un nombre incroyable d&#8217;\u00e9l\u00e9ments diff\u00e9rents, mais avec de l&#8217;imagination, il est possible d&#8217;identifier m\u00eame ceux qui ne sont pas imm\u00e9diatement visibles. Rapide, dynamique et pr\u00e9sent\u00e9 dans une \u00e9l\u00e9gante bo\u00eete m\u00e9tallique, il est parfait m\u00eame pour les grands groupes divis\u00e9s en \u00e9quipes.<\/p>\n","protected":false},"featured_media":1293,"comment_status":"closed","ping_status":"closed","template":"","meta":[],"product_brand":[],"product_cat":[24],"product_tag":[],"boxes-ages":[],"class_list":{"0":"post-13095","1":"product","2":"type-product","3":"status-publish","4":"has-post-thumbnail","6":"product_cat-langage","8":"first","9":"instock","10":"taxable","11":"shipping-taxable","12":"purchasable","13":"product-type-simple"},"_links":{"self":[{"href":"https:\/\/x1eg-staging.duckrabbit.ch\/de\/wp-json\/wp\/v2\/product\/13095","targetHints":{"allow":["GET"]}}],"collection":[{"href":"https:\/\/x1eg-staging.duckrabbit.ch\/de\/wp-json\/wp\/v2\/product"}],"about":[{"href":"https:\/\/x1eg-staging.duckrabbit.ch\/de\/wp-json\/wp\/v2\/types\/product"}],"replies":[{"embeddable":true,"href":"https:\/\/x1eg-staging.duckrabbit.ch\/de\/wp-json\/wp\/v2\/comments?post=13095"}],"version-history":[{"count":0,"href":"https:\/\/x1eg-staging.duckrabbit.ch\/de\/wp-json\/wp\/v2\/product\/13095\/revisions"}],"wp:featuredmedia":[{"embeddable":true,"href":"https:\/\/x1eg-staging.duckrabbit.ch\/de\/wp-json\/wp\/v2\/media\/1293"}],"wp:attachment":[{"href":"https:\/\/x1eg-staging.duckrabbit.ch\/de\/wp-json\/wp\/v2\/media?parent=13095"}],"wp:term":[{"taxonomy":"product_brand","embeddable":true,"href":"https:\/\/x1eg-staging.duckrabbit.ch\/de\/wp-json\/wp\/v2\/product_brand?post=13095"},{"taxonomy":"product_cat","embeddable":true,"href":"https:\/\/x1eg-staging.duckrabbit.ch\/de\/wp-json\/wp\/v2\/product_cat?post=13095"},{"taxonomy":"product_tag","embeddable":true,"href":"https:\/\/x1eg-staging.duckrabbit.ch\/de\/wp-json\/wp\/v2\/product_tag?post=13095"},{"taxonomy":"boxes-ages","embeddable":true,"href":"https:\/\/x1eg-staging.duckrabbit.ch\/de\/wp-json\/wp\/v2\/boxes-ages?post=13095"}],"curies":[{"name":"wp","href":"https:\/\/api.w.org\/{rel}","templated":true}]}}