{"id":13059,"date":"2025-02-23T15:32:31","date_gmt":"2025-02-23T15:32:31","guid":{"rendered":"https:\/\/x1eg-staging.duckrabbit.ch\/produit\/iq-stixx-2\/"},"modified":"2025-06-10T10:33:22","modified_gmt":"2025-06-10T10:33:22","slug":"iq-stixx-2","status":"publish","type":"product","link":"https:\/\/x1eg-staging.duckrabbit.ch\/de\/produit\/iq-stixx-2\/","title":{"rendered":"IQ Stixx"},"content":{"rendered":"<p>Avis de l&#8217;expert<br \/>\nIQ Stixx est un jeu de r\u00e9flexion proposant 120 d\u00e9fis. Ce jeu est constitu\u00e9 de dix b\u00e2tonnets color\u00e9s avec des encoches plac\u00e9es \u00e0 diff\u00e9rents endroits strat\u00e9giques des dits b\u00e2tonnets. La r\u00e9solution de probl\u00e8mes, la vision spatiale, la concentration et le raisonnement logique sont particuli\u00e8rement mobilis\u00e9s par IQ Stixx.<\/p>\n","protected":false},"excerpt":{"rendered":"<p>Le jeu de b\u00e2tonnets captivant.<\/p>\n<p>Une m\u00e9canique tr\u00e8s originale d\u2019empilement de 10 b\u00e2tonnets, 5 dessous et 5 au-dessus pour une seule combinaison possible par d\u00e9fi. Saurez-vous encastrer les b\u00e2tonnets en ajustant parfaitement les encoches \u00e0 partir d\u2019une position initiale donn\u00e9e ? Ce nouveau Super IQ vous surprendra par la profondeur des raisonnements demand\u00e9s tout au long des cent vingt d\u00e9fis propos\u00e9s.<\/p>\n","protected":false},"featured_media":1522,"comment_status":"closed","ping_status":"closed","template":"","meta":[],"product_brand":[],"product_cat":[23,28,25],"product_tag":[],"boxes-ages":[],"class_list":{"0":"post-13059","1":"product","2":"type-product","3":"status-publish","4":"has-post-thumbnail","6":"product_cat-fonctions-executives","7":"product_cat-mathematiques-et-logique","8":"product_cat-memoire","10":"first","11":"instock","12":"taxable","13":"shipping-taxable","14":"purchasable","15":"product-type-simple"},"_links":{"self":[{"href":"https:\/\/x1eg-staging.duckrabbit.ch\/de\/wp-json\/wp\/v2\/product\/13059","targetHints":{"allow":["GET"]}}],"collection":[{"href":"https:\/\/x1eg-staging.duckrabbit.ch\/de\/wp-json\/wp\/v2\/product"}],"about":[{"href":"https:\/\/x1eg-staging.duckrabbit.ch\/de\/wp-json\/wp\/v2\/types\/product"}],"replies":[{"embeddable":true,"href":"https:\/\/x1eg-staging.duckrabbit.ch\/de\/wp-json\/wp\/v2\/comments?post=13059"}],"version-history":[{"count":0,"href":"https:\/\/x1eg-staging.duckrabbit.ch\/de\/wp-json\/wp\/v2\/product\/13059\/revisions"}],"wp:featuredmedia":[{"embeddable":true,"href":"https:\/\/x1eg-staging.duckrabbit.ch\/de\/wp-json\/wp\/v2\/media\/1522"}],"wp:attachment":[{"href":"https:\/\/x1eg-staging.duckrabbit.ch\/de\/wp-json\/wp\/v2\/media?parent=13059"}],"wp:term":[{"taxonomy":"product_brand","embeddable":true,"href":"https:\/\/x1eg-staging.duckrabbit.ch\/de\/wp-json\/wp\/v2\/product_brand?post=13059"},{"taxonomy":"product_cat","embeddable":true,"href":"https:\/\/x1eg-staging.duckrabbit.ch\/de\/wp-json\/wp\/v2\/product_cat?post=13059"},{"taxonomy":"product_tag","embeddable":true,"href":"https:\/\/x1eg-staging.duckrabbit.ch\/de\/wp-json\/wp\/v2\/product_tag?post=13059"},{"taxonomy":"boxes-ages","embeddable":true,"href":"https:\/\/x1eg-staging.duckrabbit.ch\/de\/wp-json\/wp\/v2\/boxes-ages?post=13059"}],"curies":[{"name":"wp","href":"https:\/\/api.w.org\/{rel}","templated":true}]}}