{"id":13038,"date":"2025-02-23T15:33:40","date_gmt":"2025-02-23T15:33:40","guid":{"rendered":"https:\/\/x1eg-staging.duckrabbit.ch\/produit\/three-little-piggies-deluxe-2\/"},"modified":"2025-06-10T10:33:20","modified_gmt":"2025-06-10T10:33:20","slug":"three-little-piggies-deluxe-2","status":"publish","type":"product","link":"https:\/\/x1eg-staging.duckrabbit.ch\/de\/produit\/three-little-piggies-deluxe-2\/","title":{"rendered":"Three Little Piggies &#8211; Deluxe"},"content":{"rendered":"<p>Avis de l&#8217;expert<br \/>\nThree Litlle Piggies est un jeu qui d\u00e9veloppe la logique en mettant \u00e0 l&#8217;\u00e9preuve leur raisonnement d\u00e9ductif. \u00c0 chaque d\u00e9fi, le joueur doit d\u00e9terminer comment placer les \u00e9l\u00e9ments afin de r\u00e9ussir \u00e0 tous les placer selon le mode de jeu choisi. Par extension, ce jeu d&#8217;\u00e9nigmes permet de travailler la r\u00e9solution de probl\u00e8mes et la concentration.<\/p>\n<p>Le joueur entraine d\u00e9veloppe aussi sa compr\u00e9hension de l&#8217;espace et le raisonnement spatial dans la mesure o\u00f9 chaque \u00e9l\u00e9ment a une forme qui lui est propre et doit \u00eatre plac\u00e9 sur un terrain asym\u00e9trique. De plus les maisons qui peuvent contenir les petits cochons permette de travailler sur les aspects de compr\u00e9hension que sont l&#8217;int\u00e9rieur et l&#8217;ext\u00e9rieur.<\/p>\n","protected":false},"excerpt":{"rendered":"<p>Il \u00e9tait une fois\u2026<br \/>\nPlacerez-vous correctement les maisons afin qu\u2019ils puissent jouer \u00e0 l\u2019ext\u00e9rieur ? Et si jamais le loup appara\u00eet, saurez-vous les aider en les prot\u00e9geant \u00e0 l\u2019int\u00e9rieur des maisons ?<\/p>\n<p>Three Little Piggies &#8211; Deluxe est un jeu de r\u00e9flexion id\u00e9al pour les jeunes enfants. Vous y trouverez trois grosses pi\u00e8ces de jeu juch\u00e9es de maisons ainsi que quatre figurines (les cochons et le loup) faciles \u00e0 manipuler.<\/p>\n<p>Les enfants adoreront voir les cochons regarder \u00e0 travers les fen\u00eatres de leur maison. Vous trouverez \u00e9galement un livre de conte illustr\u00e9 ainsi qu\u2019un livret de 48 d\u00e9fis.<\/p>\n","protected":false},"featured_media":1602,"comment_status":"closed","ping_status":"closed","template":"","meta":[],"product_brand":[],"product_cat":[23,28],"product_tag":[],"boxes-ages":[],"class_list":{"0":"post-13038","1":"product","2":"type-product","3":"status-publish","4":"has-post-thumbnail","6":"product_cat-fonctions-executives","7":"product_cat-mathematiques-et-logique","9":"first","10":"instock","11":"taxable","12":"shipping-taxable","13":"purchasable","14":"product-type-simple"},"_links":{"self":[{"href":"https:\/\/x1eg-staging.duckrabbit.ch\/de\/wp-json\/wp\/v2\/product\/13038","targetHints":{"allow":["GET"]}}],"collection":[{"href":"https:\/\/x1eg-staging.duckrabbit.ch\/de\/wp-json\/wp\/v2\/product"}],"about":[{"href":"https:\/\/x1eg-staging.duckrabbit.ch\/de\/wp-json\/wp\/v2\/types\/product"}],"replies":[{"embeddable":true,"href":"https:\/\/x1eg-staging.duckrabbit.ch\/de\/wp-json\/wp\/v2\/comments?post=13038"}],"version-history":[{"count":0,"href":"https:\/\/x1eg-staging.duckrabbit.ch\/de\/wp-json\/wp\/v2\/product\/13038\/revisions"}],"wp:featuredmedia":[{"embeddable":true,"href":"https:\/\/x1eg-staging.duckrabbit.ch\/de\/wp-json\/wp\/v2\/media\/1602"}],"wp:attachment":[{"href":"https:\/\/x1eg-staging.duckrabbit.ch\/de\/wp-json\/wp\/v2\/media?parent=13038"}],"wp:term":[{"taxonomy":"product_brand","embeddable":true,"href":"https:\/\/x1eg-staging.duckrabbit.ch\/de\/wp-json\/wp\/v2\/product_brand?post=13038"},{"taxonomy":"product_cat","embeddable":true,"href":"https:\/\/x1eg-staging.duckrabbit.ch\/de\/wp-json\/wp\/v2\/product_cat?post=13038"},{"taxonomy":"product_tag","embeddable":true,"href":"https:\/\/x1eg-staging.duckrabbit.ch\/de\/wp-json\/wp\/v2\/product_tag?post=13038"},{"taxonomy":"boxes-ages","embeddable":true,"href":"https:\/\/x1eg-staging.duckrabbit.ch\/de\/wp-json\/wp\/v2\/boxes-ages?post=13038"}],"curies":[{"name":"wp","href":"https:\/\/api.w.org\/{rel}","templated":true}]}}