{"id":13020,"date":"2025-02-23T15:36:06","date_gmt":"2025-02-23T15:36:06","guid":{"rendered":"https:\/\/x1eg-staging.duckrabbit.ch\/produit\/tropik-triangle-multi-activites-3\/"},"modified":"2025-06-10T10:33:19","modified_gmt":"2025-06-10T10:33:19","slug":"tropik-triangle-multi-activites-3","status":"publish","type":"product","link":"https:\/\/x1eg-staging.duckrabbit.ch\/de\/produit\/tropik-triangle-multi-activites-3\/","title":{"rendered":"Tropik &#8211; Triangle Multi-Activit\u00e9s"},"content":{"rendered":"","protected":false},"excerpt":{"rendered":"<p>Triangle multi-activit\u00e9s et multi-vitamin\u00e9 ! Ce jouet d&#8217;\u00e9veil promet de nombreuses d\u00e9couvertes \u00e0 b\u00e9b\u00e9. Avec 7 activit\u00e9s : Labyrinthe, miroir, engrenages \u00e0 tourner, \u00e9crous \u00e0 visser, boulier, b\u00e2ton de pluie et cylindres \u00e0 aligner, ce jouet en bois est id\u00e9al pour les enfants d\u00e8s 12 mois. Compact, ce jouet complet est facile \u00e0 transporter partout et \u00e0 manipuler par l&#8217;enfant. Les petits, d\u00e8s 1 an, vont pouvoir d\u00e9velopper leur motricit\u00e9 fine, leur coordination et se familiariser avec les couleurs et les formes ! Avec une multitude d&#8217;activit\u00e9s sur chaque face, b\u00e9b\u00e9 n&#8217;a pas fini de d\u00e9couvrir de nouvelles choses ! Ce jouet d&#8217;\u00e9veil en bois est peint \u00e0 l&#8217;eau, il est en bois issu de for\u00eats g\u00e9r\u00e9es durablement, certifi\u00e9es FSC\u00ae.<\/p>\n","protected":false},"featured_media":1685,"comment_status":"closed","ping_status":"closed","template":"","meta":[],"product_brand":[],"product_cat":[29,30],"product_tag":[],"boxes-ages":[],"class_list":{"0":"post-13020","1":"product","2":"type-product","3":"status-publish","4":"has-post-thumbnail","6":"product_cat-motricite","7":"product_cat-perception","9":"first","10":"instock","11":"taxable","12":"shipping-taxable","13":"purchasable","14":"product-type-simple"},"_links":{"self":[{"href":"https:\/\/x1eg-staging.duckrabbit.ch\/de\/wp-json\/wp\/v2\/product\/13020","targetHints":{"allow":["GET"]}}],"collection":[{"href":"https:\/\/x1eg-staging.duckrabbit.ch\/de\/wp-json\/wp\/v2\/product"}],"about":[{"href":"https:\/\/x1eg-staging.duckrabbit.ch\/de\/wp-json\/wp\/v2\/types\/product"}],"replies":[{"embeddable":true,"href":"https:\/\/x1eg-staging.duckrabbit.ch\/de\/wp-json\/wp\/v2\/comments?post=13020"}],"version-history":[{"count":0,"href":"https:\/\/x1eg-staging.duckrabbit.ch\/de\/wp-json\/wp\/v2\/product\/13020\/revisions"}],"wp:featuredmedia":[{"embeddable":true,"href":"https:\/\/x1eg-staging.duckrabbit.ch\/de\/wp-json\/wp\/v2\/media\/1685"}],"wp:attachment":[{"href":"https:\/\/x1eg-staging.duckrabbit.ch\/de\/wp-json\/wp\/v2\/media?parent=13020"}],"wp:term":[{"taxonomy":"product_brand","embeddable":true,"href":"https:\/\/x1eg-staging.duckrabbit.ch\/de\/wp-json\/wp\/v2\/product_brand?post=13020"},{"taxonomy":"product_cat","embeddable":true,"href":"https:\/\/x1eg-staging.duckrabbit.ch\/de\/wp-json\/wp\/v2\/product_cat?post=13020"},{"taxonomy":"product_tag","embeddable":true,"href":"https:\/\/x1eg-staging.duckrabbit.ch\/de\/wp-json\/wp\/v2\/product_tag?post=13020"},{"taxonomy":"boxes-ages","embeddable":true,"href":"https:\/\/x1eg-staging.duckrabbit.ch\/de\/wp-json\/wp\/v2\/boxes-ages?post=13020"}],"curies":[{"name":"wp","href":"https:\/\/api.w.org\/{rel}","templated":true}]}}