{"id":13016,"date":"2025-02-23T15:36:06","date_gmt":"2025-02-23T15:36:06","guid":{"rendered":"https:\/\/x1eg-staging.duckrabbit.ch\/produit\/i-wood-tortues-des-formes-2\/"},"modified":"2025-06-10T10:33:19","modified_gmt":"2025-06-10T10:33:19","slug":"i-wood-tortues-des-formes-2","status":"publish","type":"product","link":"https:\/\/x1eg-staging.duckrabbit.ch\/de\/produit\/i-wood-tortues-des-formes-2\/","title":{"rendered":"I Wood &#8211; Tortues des Formes"},"content":{"rendered":"<p>Avis de l&#8217;expert<br \/>\nI Wood \u2013 Tortue des Formes encourage le d\u00e9veloppement de la motricit\u00e9 fine tout en enseignant les couleurs, les formes et les concepts spatiaux. En manipulant les pi\u00e8ces color\u00e9es et les tortues \u00e0 empiler, les enfants renforcent leur coordination main-\u0153il et leur dext\u00e9rit\u00e9. En empilant les formes par ordre de grandeur et en embo\u00eetant les tortues, ils renforcent leur compr\u00e9hension des tailles. Ce jeu stimule \u00e9galement l&#8217;exploration des formes, des tailles et des couleurs, ainsi que le d\u00e9veloppement de la dext\u00e9rit\u00e9, de la logique et de la concentration. Avec une peinture \u00e0 l&#8217;eau s\u00e9curitaire, il offre une exp\u00e9rience ludique et \u00e9ducative tout en garantissant la s\u00e9curit\u00e9 des enfants, notamment ceux qui ont tendance \u00e0 mettre des objets \u00e0 la bouche avant l&#8217;\u00e2ge de 3 ans.<\/p>\n","protected":false},"excerpt":{"rendered":"<p>Des tortues de toutes les couleurs pour des d\u00e9couvertes sans fin ! Les Tortues des Formes est un jeu d&#8217;\u00e9veil en bois qui fourmille d&#8217;ing\u00e9niosit\u00e9 ! Il permet \u00e0 votre b\u00e9b\u00e9 d\u00e8s 18 mois de d\u00e9couvrir les formes, les tailles et les couleurs, d&#8217;empiler les pi\u00e8ces les unes sur les autres et de finalement les faire tr\u00f4ner sur les tortues ! Votre tout-petit pourra ensuite s&#8217;amuser \u00e0 encastrer les tortues entre elles tout en travaillant sa dext\u00e9rit\u00e9, sa logique et sa concentration. Les jolies couleurs des tortues attireront \u00e0 coup s\u00fbr votre enfant qui passera des heures \u00e0 s&#8217;amuser avec. Chacune des tortues poss\u00e8de 3 pi\u00e8ces associ\u00e9es. Pour plus de s\u00e9curit\u00e9 et parce que les enfants de moins de 3 ans ont l&#8217;habitude de mettre les objets \u00e0 la bouche, nous avons opt\u00e9 pour l&#8217;utilisation de la peinture \u00e0 l&#8217;eau.<\/p>\n","protected":false},"featured_media":1677,"comment_status":"closed","ping_status":"closed","template":"","meta":[],"product_brand":[],"product_cat":[28,29],"product_tag":[],"boxes-ages":[],"class_list":{"0":"post-13016","1":"product","2":"type-product","3":"status-publish","4":"has-post-thumbnail","6":"product_cat-mathematiques-et-logique","7":"product_cat-motricite","9":"first","10":"instock","11":"taxable","12":"shipping-taxable","13":"purchasable","14":"product-type-simple"},"_links":{"self":[{"href":"https:\/\/x1eg-staging.duckrabbit.ch\/de\/wp-json\/wp\/v2\/product\/13016","targetHints":{"allow":["GET"]}}],"collection":[{"href":"https:\/\/x1eg-staging.duckrabbit.ch\/de\/wp-json\/wp\/v2\/product"}],"about":[{"href":"https:\/\/x1eg-staging.duckrabbit.ch\/de\/wp-json\/wp\/v2\/types\/product"}],"replies":[{"embeddable":true,"href":"https:\/\/x1eg-staging.duckrabbit.ch\/de\/wp-json\/wp\/v2\/comments?post=13016"}],"version-history":[{"count":0,"href":"https:\/\/x1eg-staging.duckrabbit.ch\/de\/wp-json\/wp\/v2\/product\/13016\/revisions"}],"wp:featuredmedia":[{"embeddable":true,"href":"https:\/\/x1eg-staging.duckrabbit.ch\/de\/wp-json\/wp\/v2\/media\/1677"}],"wp:attachment":[{"href":"https:\/\/x1eg-staging.duckrabbit.ch\/de\/wp-json\/wp\/v2\/media?parent=13016"}],"wp:term":[{"taxonomy":"product_brand","embeddable":true,"href":"https:\/\/x1eg-staging.duckrabbit.ch\/de\/wp-json\/wp\/v2\/product_brand?post=13016"},{"taxonomy":"product_cat","embeddable":true,"href":"https:\/\/x1eg-staging.duckrabbit.ch\/de\/wp-json\/wp\/v2\/product_cat?post=13016"},{"taxonomy":"product_tag","embeddable":true,"href":"https:\/\/x1eg-staging.duckrabbit.ch\/de\/wp-json\/wp\/v2\/product_tag?post=13016"},{"taxonomy":"boxes-ages","embeddable":true,"href":"https:\/\/x1eg-staging.duckrabbit.ch\/de\/wp-json\/wp\/v2\/boxes-ages?post=13016"}],"curies":[{"name":"wp","href":"https:\/\/api.w.org\/{rel}","templated":true}]}}