{"id":13003,"date":"2025-02-23T15:36:54","date_gmt":"2025-02-23T15:36:54","guid":{"rendered":"https:\/\/x1eg-staging.duckrabbit.ch\/produit\/i-wood-puzzle-6-cubes-sensoriels-2\/"},"modified":"2025-06-10T10:33:18","modified_gmt":"2025-06-10T10:33:18","slug":"i-wood-puzzle-6-cubes-sensoriels-2","status":"publish","type":"product","link":"https:\/\/x1eg-staging.duckrabbit.ch\/de\/produit\/i-wood-puzzle-6-cubes-sensoriels-2\/","title":{"rendered":"I Wood &#8211; Puzzle 6 Cubes Sensoriels"},"content":{"rendered":"","protected":false},"excerpt":{"rendered":"<p>Un vrai terrain de jeu pour b\u00e9b\u00e9 ! Ce puzzle sensoriel aux couleurs prononc\u00e9es, pour b\u00e9b\u00e9s \u00e0 partir de 1 an, va permettre aux enfants d&#8217;identifier les diff\u00e9rentes couleurs et formes. Chaque cube poss\u00e8de une fonctionnalit\u00e9 diff\u00e9rente pour stimuler b\u00e9b\u00e9 un peu plus : grelot, kal\u00e9idoscope, bruitage, hochet, pouet pouet et miroir. Tous ses sens seront stimul\u00e9s et il passera du temps sur chaque cube pour jouer avec et d\u00e9couvrir sa fonctionnalit\u00e9 \u00e0 son rythme et en toute autonomie. Prenez plaisir \u00e0 d\u00e9couvrir les r\u00e9actions de votre enfant devant toutes les possibilit\u00e9s que lui offre chaque cube ! Parce que les enfants de moins 3 ans mettent souvent leurs jouets \u00e0 la bouche, nous avons opt\u00e9 pour de la peinture \u00e0 l&#8217;eau.<\/p>\n","protected":false},"featured_media":1727,"comment_status":"closed","ping_status":"closed","template":"","meta":[],"product_brand":[],"product_cat":[23,29,30],"product_tag":[],"boxes-ages":[],"class_list":{"0":"post-13003","1":"product","2":"type-product","3":"status-publish","4":"has-post-thumbnail","6":"product_cat-fonctions-executives","7":"product_cat-motricite","8":"product_cat-perception","10":"first","11":"instock","12":"taxable","13":"shipping-taxable","14":"purchasable","15":"product-type-simple"},"_links":{"self":[{"href":"https:\/\/x1eg-staging.duckrabbit.ch\/de\/wp-json\/wp\/v2\/product\/13003","targetHints":{"allow":["GET"]}}],"collection":[{"href":"https:\/\/x1eg-staging.duckrabbit.ch\/de\/wp-json\/wp\/v2\/product"}],"about":[{"href":"https:\/\/x1eg-staging.duckrabbit.ch\/de\/wp-json\/wp\/v2\/types\/product"}],"replies":[{"embeddable":true,"href":"https:\/\/x1eg-staging.duckrabbit.ch\/de\/wp-json\/wp\/v2\/comments?post=13003"}],"version-history":[{"count":0,"href":"https:\/\/x1eg-staging.duckrabbit.ch\/de\/wp-json\/wp\/v2\/product\/13003\/revisions"}],"wp:featuredmedia":[{"embeddable":true,"href":"https:\/\/x1eg-staging.duckrabbit.ch\/de\/wp-json\/wp\/v2\/media\/1727"}],"wp:attachment":[{"href":"https:\/\/x1eg-staging.duckrabbit.ch\/de\/wp-json\/wp\/v2\/media?parent=13003"}],"wp:term":[{"taxonomy":"product_brand","embeddable":true,"href":"https:\/\/x1eg-staging.duckrabbit.ch\/de\/wp-json\/wp\/v2\/product_brand?post=13003"},{"taxonomy":"product_cat","embeddable":true,"href":"https:\/\/x1eg-staging.duckrabbit.ch\/de\/wp-json\/wp\/v2\/product_cat?post=13003"},{"taxonomy":"product_tag","embeddable":true,"href":"https:\/\/x1eg-staging.duckrabbit.ch\/de\/wp-json\/wp\/v2\/product_tag?post=13003"},{"taxonomy":"boxes-ages","embeddable":true,"href":"https:\/\/x1eg-staging.duckrabbit.ch\/de\/wp-json\/wp\/v2\/boxes-ages?post=13003"}],"curies":[{"name":"wp","href":"https:\/\/api.w.org\/{rel}","templated":true}]}}