{"id":12977,"date":"2025-02-23T15:37:45","date_gmt":"2025-02-23T15:37:45","guid":{"rendered":"https:\/\/x1eg-staging.duckrabbit.ch\/produit\/swingo-basic-2\/"},"modified":"2025-06-10T10:33:16","modified_gmt":"2025-06-10T10:33:16","slug":"swingo-basic-2","status":"publish","type":"product","link":"https:\/\/x1eg-staging.duckrabbit.ch\/de\/produit\/swingo-basic-2\/","title":{"rendered":"Swingo Basic"},"content":{"rendered":"","protected":false},"excerpt":{"rendered":"<p>Swingo Basic, un jeu ludique con\u00e7u pour travailler l\u2019adresse et la dext\u00e9rit\u00e9 des tout-petits.<\/p>\n<p>Ce jeu d\u2019\u00e9quilibre permet aux enfants, d\u00e8s 3 ans, de d\u00e9velopper leur dext\u00e9rit\u00e9 ainsi que la reconnaissance des formes g\u00e9om\u00e9triques et des couleurs.<\/p>\n<p>Le principe est simple : les enfants placent les animaux color\u00e9s de forme g\u00e9om\u00e9trique sur la fleur en \u00e9quilibre en suivant l\u2019instruction du d\u00e9.<\/p>\n","protected":false},"featured_media":1821,"comment_status":"closed","ping_status":"closed","template":"","meta":[],"product_brand":[],"product_cat":[23,29,30],"product_tag":[],"boxes-ages":[],"class_list":{"0":"post-12977","1":"product","2":"type-product","3":"status-publish","4":"has-post-thumbnail","6":"product_cat-fonctions-executives","7":"product_cat-motricite","8":"product_cat-perception","10":"first","11":"instock","12":"taxable","13":"shipping-taxable","14":"purchasable","15":"product-type-simple"},"_links":{"self":[{"href":"https:\/\/x1eg-staging.duckrabbit.ch\/de\/wp-json\/wp\/v2\/product\/12977","targetHints":{"allow":["GET"]}}],"collection":[{"href":"https:\/\/x1eg-staging.duckrabbit.ch\/de\/wp-json\/wp\/v2\/product"}],"about":[{"href":"https:\/\/x1eg-staging.duckrabbit.ch\/de\/wp-json\/wp\/v2\/types\/product"}],"replies":[{"embeddable":true,"href":"https:\/\/x1eg-staging.duckrabbit.ch\/de\/wp-json\/wp\/v2\/comments?post=12977"}],"version-history":[{"count":0,"href":"https:\/\/x1eg-staging.duckrabbit.ch\/de\/wp-json\/wp\/v2\/product\/12977\/revisions"}],"wp:featuredmedia":[{"embeddable":true,"href":"https:\/\/x1eg-staging.duckrabbit.ch\/de\/wp-json\/wp\/v2\/media\/1821"}],"wp:attachment":[{"href":"https:\/\/x1eg-staging.duckrabbit.ch\/de\/wp-json\/wp\/v2\/media?parent=12977"}],"wp:term":[{"taxonomy":"product_brand","embeddable":true,"href":"https:\/\/x1eg-staging.duckrabbit.ch\/de\/wp-json\/wp\/v2\/product_brand?post=12977"},{"taxonomy":"product_cat","embeddable":true,"href":"https:\/\/x1eg-staging.duckrabbit.ch\/de\/wp-json\/wp\/v2\/product_cat?post=12977"},{"taxonomy":"product_tag","embeddable":true,"href":"https:\/\/x1eg-staging.duckrabbit.ch\/de\/wp-json\/wp\/v2\/product_tag?post=12977"},{"taxonomy":"boxes-ages","embeddable":true,"href":"https:\/\/x1eg-staging.duckrabbit.ch\/de\/wp-json\/wp\/v2\/boxes-ages?post=12977"}],"curies":[{"name":"wp","href":"https:\/\/api.w.org\/{rel}","templated":true}]}}