{"id":12968,"date":"2025-02-23T15:37:45","date_gmt":"2025-02-23T15:37:45","guid":{"rendered":"https:\/\/x1eg-staging.duckrabbit.ch\/produit\/jouet-de-dentition-wally-the-watermelon-2\/"},"modified":"2025-06-10T10:33:15","modified_gmt":"2025-06-10T10:33:15","slug":"jouet-de-dentition-wally-the-watermelon-2","status":"publish","type":"product","link":"https:\/\/x1eg-staging.duckrabbit.ch\/de\/produit\/jouet-de-dentition-wally-the-watermelon-2\/","title":{"rendered":"Jouet de Dentition &#8211; Wally the Watermelon"},"content":{"rendered":"","protected":false},"excerpt":{"rendered":"<p>Wally the Watermelon est un anneau de dentition en forme de fruit qui stimulera les sens des b\u00e9b\u00e9s tout en apaisant les petites gencives. Ses textures r\u00e9alistes d\u00e9velopperont le sens du toucher des enfants. Il est soigneusement peint \u00e0 la main avec des pigments naturels, ce qui le rend totalement sans danger pour les tout-petits. Saviez-vous que l&#x27;inclusion de la past\u00e8que dans les aliments aide \u00e0 conserver 90 % de l&#x27;eau dans le corps humain ? Initiez les enfants \u00e0 un mode de vie sain d\u00e8s leur plus jeune \u00e2ge !<\/p>\n<p>Ce produit est parfait comme anneau de dentition pour b\u00e9b\u00e9, jouet pour b\u00e9b\u00e9s et enfants, jouet de bain, pour jeu sensoriel et objet de d\u00e9coration. Il est fabriqu\u00e9 selon un proc\u00e9d\u00e9 artisanal, durable et respectueux de l&#x27;environnement avec du caoutchouc 100% naturel issu d&#x27;h\u00e9v\u00e9as. Comme il est fait d&#x27;un seul tenant et sans trous, il \u00e9vite la cr\u00e9ation de bact\u00e9ries \u00e0 l&#x27;int\u00e9rieur. Peint \u00e0 la main avec des pigments naturels un par un, il n&#x27;y en a donc pas deux pareils !<\/p>\n<p>\u2022 Fabriqu\u00e9 avec du caoutchouc 100% naturel issu d&#x27;h\u00e9v\u00e9a.<br \/>\u2022 Doux, facile \u00e0 saisir et s\u00fbr \u00e0 m\u00e2cher. Stimule les sens de b\u00e9b\u00e9 et apaise les gencives de dentition.<br \/>\u2022 Peint \u00e0 la main avec des teintures s\u00fbres et naturelles.<br \/>\u2022 Enti\u00e8rement sans danger pour les enfants, non toxique. Certifi\u00e9 par Bureau Veritas. Sans PVC, BPA, Phtalates et Nitrosamines.<br \/>\u2022 Tr\u00e8s hygi\u00e9nique, sans moisissure. Il n&#x27;y a aucun trou dans nos conceptions emp\u00eachant la pr\u00e9sence et la croissance de bact\u00e9ries et de moisissures.<br \/>\u2022 Eco-jouets, biod\u00e9gradables et respectueux de l&#x27;environnement.<br \/>\u2022 Utilis\u00e9 comme jouets de dentition, jouets de bain, objets d\u00e9coratifs et plus encore.<br \/>\u2022 Fabriqu\u00e9 \u00e0 la main en prenant soin de chaque d\u00e9tail. Il peut y avoir de l\u00e9g\u00e8res variations de couleur et de forme.<br \/>\u2022 Socialement responsable. Avec chaque jouet Oli &amp; Carol que vous achetez, vous aidez \u00e0 scolariser les enfants en Inde.<\/p>\n","protected":false},"featured_media":1786,"comment_status":"closed","ping_status":"closed","template":"","meta":[],"product_brand":[],"product_cat":[30],"product_tag":[],"boxes-ages":[],"class_list":{"0":"post-12968","1":"product","2":"type-product","3":"status-publish","4":"has-post-thumbnail","6":"product_cat-perception","8":"first","9":"instock","10":"taxable","11":"shipping-taxable","12":"purchasable","13":"product-type-simple"},"_links":{"self":[{"href":"https:\/\/x1eg-staging.duckrabbit.ch\/de\/wp-json\/wp\/v2\/product\/12968","targetHints":{"allow":["GET"]}}],"collection":[{"href":"https:\/\/x1eg-staging.duckrabbit.ch\/de\/wp-json\/wp\/v2\/product"}],"about":[{"href":"https:\/\/x1eg-staging.duckrabbit.ch\/de\/wp-json\/wp\/v2\/types\/product"}],"replies":[{"embeddable":true,"href":"https:\/\/x1eg-staging.duckrabbit.ch\/de\/wp-json\/wp\/v2\/comments?post=12968"}],"version-history":[{"count":0,"href":"https:\/\/x1eg-staging.duckrabbit.ch\/de\/wp-json\/wp\/v2\/product\/12968\/revisions"}],"wp:featuredmedia":[{"embeddable":true,"href":"https:\/\/x1eg-staging.duckrabbit.ch\/de\/wp-json\/wp\/v2\/media\/1786"}],"wp:attachment":[{"href":"https:\/\/x1eg-staging.duckrabbit.ch\/de\/wp-json\/wp\/v2\/media?parent=12968"}],"wp:term":[{"taxonomy":"product_brand","embeddable":true,"href":"https:\/\/x1eg-staging.duckrabbit.ch\/de\/wp-json\/wp\/v2\/product_brand?post=12968"},{"taxonomy":"product_cat","embeddable":true,"href":"https:\/\/x1eg-staging.duckrabbit.ch\/de\/wp-json\/wp\/v2\/product_cat?post=12968"},{"taxonomy":"product_tag","embeddable":true,"href":"https:\/\/x1eg-staging.duckrabbit.ch\/de\/wp-json\/wp\/v2\/product_tag?post=12968"},{"taxonomy":"boxes-ages","embeddable":true,"href":"https:\/\/x1eg-staging.duckrabbit.ch\/de\/wp-json\/wp\/v2\/boxes-ages?post=12968"}],"curies":[{"name":"wp","href":"https:\/\/api.w.org\/{rel}","templated":true}]}}