{"id":12947,"date":"2025-02-23T15:38:52","date_gmt":"2025-02-23T15:38:52","guid":{"rendered":"https:\/\/x1eg-staging.duckrabbit.ch\/produit\/fabian-veilleuse-2\/"},"modified":"2025-06-10T10:33:14","modified_gmt":"2025-06-10T10:33:14","slug":"fabian-veilleuse-2","status":"publish","type":"product","link":"https:\/\/x1eg-staging.duckrabbit.ch\/de\/produit\/fabian-veilleuse-2\/","title":{"rendered":"Fabian &#8211; Veilleuse"},"content":{"rendered":"<p>Avis de l&#8217;expert<br \/>\nCette veilleuse LED, au design r\u00e9confortant, est un pr\u00e9cieux compagnon pour aider \u00e0 r\u00e9guler les \u00e9motions.<\/p>\n<p>Les objets transitionnels tels que cette veilleuse, jouent un r\u00f4le significatif dans le r\u00e9confort et la stabilit\u00e9 \u00e9motionnelle, surtout pour les enfants. En offrant une source de lumi\u00e8re douce et apaisante, cette veilleuse cr\u00e9e un environnement rassurant et confortable qui aide \u00e0 calmer les \u00e9motions tumultueuses et favorise un sommeil r\u00e9parateur.<\/p>\n<p>De plus, le contr\u00f4le offert par le bouton marche\/arr\u00eat permet aux enfants de d\u00e9velopper un sentiment d&#8217;autonomie et de contr\u00f4le sur leur environnement, renfor\u00e7ant leur capacit\u00e9 \u00e0 r\u00e9guler leurs \u00e9motions de mani\u00e8re autonome.<\/p>\n","protected":false},"excerpt":{"rendered":"<p>Cette veilleuse LED est rechargeable par USB et change de couleur en tapotant son dos. Vous pouvez choisir de laisser la veilleuse s&#8217;\u00e9teindre automatiquement apr\u00e8s 15 minutes ou de la laisser allum\u00e9e toute la nuit. Les deux options sont possibles en utilisant le bouton marche\/arr\u00eat. Sa texture douce permet aux enfants de se blottir en toute s\u00e9curit\u00e9 avant de les apaiser pour dormir !<\/p>\n","protected":false},"featured_media":1974,"comment_status":"closed","ping_status":"closed","template":"","meta":[],"product_brand":[],"product_cat":[1210],"product_tag":[],"boxes-ages":[],"class_list":{"0":"post-12947","1":"product","2":"type-product","3":"status-publish","4":"has-post-thumbnail","6":"product_cat-schlaf","8":"first","9":"instock","10":"taxable","11":"shipping-taxable","12":"purchasable","13":"product-type-simple"},"_links":{"self":[{"href":"https:\/\/x1eg-staging.duckrabbit.ch\/de\/wp-json\/wp\/v2\/product\/12947","targetHints":{"allow":["GET"]}}],"collection":[{"href":"https:\/\/x1eg-staging.duckrabbit.ch\/de\/wp-json\/wp\/v2\/product"}],"about":[{"href":"https:\/\/x1eg-staging.duckrabbit.ch\/de\/wp-json\/wp\/v2\/types\/product"}],"replies":[{"embeddable":true,"href":"https:\/\/x1eg-staging.duckrabbit.ch\/de\/wp-json\/wp\/v2\/comments?post=12947"}],"version-history":[{"count":0,"href":"https:\/\/x1eg-staging.duckrabbit.ch\/de\/wp-json\/wp\/v2\/product\/12947\/revisions"}],"wp:featuredmedia":[{"embeddable":true,"href":"https:\/\/x1eg-staging.duckrabbit.ch\/de\/wp-json\/wp\/v2\/media\/1974"}],"wp:attachment":[{"href":"https:\/\/x1eg-staging.duckrabbit.ch\/de\/wp-json\/wp\/v2\/media?parent=12947"}],"wp:term":[{"taxonomy":"product_brand","embeddable":true,"href":"https:\/\/x1eg-staging.duckrabbit.ch\/de\/wp-json\/wp\/v2\/product_brand?post=12947"},{"taxonomy":"product_cat","embeddable":true,"href":"https:\/\/x1eg-staging.duckrabbit.ch\/de\/wp-json\/wp\/v2\/product_cat?post=12947"},{"taxonomy":"product_tag","embeddable":true,"href":"https:\/\/x1eg-staging.duckrabbit.ch\/de\/wp-json\/wp\/v2\/product_tag?post=12947"},{"taxonomy":"boxes-ages","embeddable":true,"href":"https:\/\/x1eg-staging.duckrabbit.ch\/de\/wp-json\/wp\/v2\/boxes-ages?post=12947"}],"curies":[{"name":"wp","href":"https:\/\/api.w.org\/{rel}","templated":true}]}}