{"id":12935,"date":"2025-02-23T15:38:52","date_gmt":"2025-02-23T15:38:52","guid":{"rendered":"https:\/\/x1eg-staging.duckrabbit.ch\/produit\/pure-table-musicale-3\/"},"modified":"2025-06-10T10:33:13","modified_gmt":"2025-06-10T10:33:13","slug":"pure-table-musicale-3","status":"publish","type":"product","link":"https:\/\/x1eg-staging.duckrabbit.ch\/de\/produit\/pure-table-musicale-3\/","title":{"rendered":"Pure &#8211; Table Musicale"},"content":{"rendered":"","protected":false},"excerpt":{"rendered":"<p>Bienvenue en pleine nature, pour une balade bucolique entre libellules et fleurs champ\u00eatres ! Au programme du voyage de b\u00e9b\u00e9, la d\u00e9couverte musicale avec cette jolie table Pure aux couleurs et aux illustrations douces et romantiques ! \u00c0 partir de 1 an, les enfants vont pouvoir appr\u00e9hender les diff\u00e9rents sons en toute autonomie gr\u00e2ce \u00e0 ce beau jeu d&#8217;\u00e9veil sonore. La table musicale se compose d\u2019une cymbale champignon jaune, d&#8217;une cloche orange \u00e0 pois blancs, d&#8217;un grattoir en bois, d&#8217;un pouet-pouet aux airs de marguerite et d&#8217;un tambourin amovible. Ce dernier repr\u00e9sente une belle mare o\u00f9 les poissons font des bulles sous les n\u00e9nuphars. Pour faire retentir l&#8217;ensemble, les enfants pourront se servir de cette baguette rigolote en forme de libellule avec ses ailes toutes douces en feutrine blanche ! Avec ce jouet premier \u00e2ge en bois, b\u00e9b\u00e9 va se familiariser avec la musique \u00e0 son rythme !<\/p>\n","protected":false},"featured_media":1928,"comment_status":"closed","ping_status":"closed","template":"","meta":[],"product_brand":[],"product_cat":[30],"product_tag":[],"boxes-ages":[],"class_list":{"0":"post-12935","1":"product","2":"type-product","3":"status-publish","4":"has-post-thumbnail","6":"product_cat-perception","8":"first","9":"instock","10":"taxable","11":"shipping-taxable","12":"purchasable","13":"product-type-simple"},"_links":{"self":[{"href":"https:\/\/x1eg-staging.duckrabbit.ch\/de\/wp-json\/wp\/v2\/product\/12935","targetHints":{"allow":["GET"]}}],"collection":[{"href":"https:\/\/x1eg-staging.duckrabbit.ch\/de\/wp-json\/wp\/v2\/product"}],"about":[{"href":"https:\/\/x1eg-staging.duckrabbit.ch\/de\/wp-json\/wp\/v2\/types\/product"}],"replies":[{"embeddable":true,"href":"https:\/\/x1eg-staging.duckrabbit.ch\/de\/wp-json\/wp\/v2\/comments?post=12935"}],"version-history":[{"count":0,"href":"https:\/\/x1eg-staging.duckrabbit.ch\/de\/wp-json\/wp\/v2\/product\/12935\/revisions"}],"wp:featuredmedia":[{"embeddable":true,"href":"https:\/\/x1eg-staging.duckrabbit.ch\/de\/wp-json\/wp\/v2\/media\/1928"}],"wp:attachment":[{"href":"https:\/\/x1eg-staging.duckrabbit.ch\/de\/wp-json\/wp\/v2\/media?parent=12935"}],"wp:term":[{"taxonomy":"product_brand","embeddable":true,"href":"https:\/\/x1eg-staging.duckrabbit.ch\/de\/wp-json\/wp\/v2\/product_brand?post=12935"},{"taxonomy":"product_cat","embeddable":true,"href":"https:\/\/x1eg-staging.duckrabbit.ch\/de\/wp-json\/wp\/v2\/product_cat?post=12935"},{"taxonomy":"product_tag","embeddable":true,"href":"https:\/\/x1eg-staging.duckrabbit.ch\/de\/wp-json\/wp\/v2\/product_tag?post=12935"},{"taxonomy":"boxes-ages","embeddable":true,"href":"https:\/\/x1eg-staging.duckrabbit.ch\/de\/wp-json\/wp\/v2\/boxes-ages?post=12935"}],"curies":[{"name":"wp","href":"https:\/\/api.w.org\/{rel}","templated":true}]}}