{"id":12911,"date":"2025-02-23T15:39:19","date_gmt":"2025-02-23T15:39:19","guid":{"rendered":"https:\/\/x1eg-staging.duckrabbit.ch\/produit\/bricokids-chariot-magnetique-2\/"},"modified":"2025-06-10T10:33:11","modified_gmt":"2025-06-10T10:33:11","slug":"bricokids-chariot-magnetique-2","status":"publish","type":"product","link":"https:\/\/x1eg-staging.duckrabbit.ch\/de\/produit\/bricokids-chariot-magnetique-2\/","title":{"rendered":"Brico&rsquo;Kids &#8211; Chariot Magn\u00e9tique"},"content":{"rendered":"","protected":false},"excerpt":{"rendered":"<p>Votre tout-petit veut imiter ses parents bricoleurs ? Voici un beau chariot de bricolage en bois et ses 25 accessoires sp\u00e9cialement con\u00e7us pour les enfants de 18 mois \u00e0 3 ans ! Il leur permettra de monter et d\u00e9monter des objets \u00e0 l&#8217;infini, au gr\u00e9 de leur imagination. Votre bricoleur en herbe passera de longues heures \u00e0 concevoir et \u00e0 construire ses propres inventions. Le chariot est \u00e9quip\u00e9 d&#8217;un syst\u00e8me d&#8217;outils magn\u00e9tiques pour aider votre enfant \u00e0 ranger ses outils et d&#8217;un syst\u00e8me anti-bascule pour le laisser se promener en toute s\u00e9curit\u00e9. Avec ce jeu de bricolage, vous retrouverez 4 clous, 4 vis, 4 \u00e9crous, 6 plaquettes, 3 outils magn\u00e9tiques, un \u00e9tau et un syst\u00e8me d&#8217;engrenage compos\u00e9 de 4 roues. Ce chariot est robuste gr\u00e2ce aux axes des roues en m\u00e9tal.<\/p>\n","protected":false},"featured_media":1997,"comment_status":"closed","ping_status":"closed","template":"","meta":[],"product_brand":[],"product_cat":[29,30],"product_tag":[],"boxes-ages":[],"class_list":{"0":"post-12911","1":"product","2":"type-product","3":"status-publish","4":"has-post-thumbnail","6":"product_cat-motricite","7":"product_cat-perception","9":"first","10":"instock","11":"taxable","12":"shipping-taxable","13":"purchasable","14":"product-type-simple"},"_links":{"self":[{"href":"https:\/\/x1eg-staging.duckrabbit.ch\/de\/wp-json\/wp\/v2\/product\/12911","targetHints":{"allow":["GET"]}}],"collection":[{"href":"https:\/\/x1eg-staging.duckrabbit.ch\/de\/wp-json\/wp\/v2\/product"}],"about":[{"href":"https:\/\/x1eg-staging.duckrabbit.ch\/de\/wp-json\/wp\/v2\/types\/product"}],"replies":[{"embeddable":true,"href":"https:\/\/x1eg-staging.duckrabbit.ch\/de\/wp-json\/wp\/v2\/comments?post=12911"}],"version-history":[{"count":0,"href":"https:\/\/x1eg-staging.duckrabbit.ch\/de\/wp-json\/wp\/v2\/product\/12911\/revisions"}],"wp:featuredmedia":[{"embeddable":true,"href":"https:\/\/x1eg-staging.duckrabbit.ch\/de\/wp-json\/wp\/v2\/media\/1997"}],"wp:attachment":[{"href":"https:\/\/x1eg-staging.duckrabbit.ch\/de\/wp-json\/wp\/v2\/media?parent=12911"}],"wp:term":[{"taxonomy":"product_brand","embeddable":true,"href":"https:\/\/x1eg-staging.duckrabbit.ch\/de\/wp-json\/wp\/v2\/product_brand?post=12911"},{"taxonomy":"product_cat","embeddable":true,"href":"https:\/\/x1eg-staging.duckrabbit.ch\/de\/wp-json\/wp\/v2\/product_cat?post=12911"},{"taxonomy":"product_tag","embeddable":true,"href":"https:\/\/x1eg-staging.duckrabbit.ch\/de\/wp-json\/wp\/v2\/product_tag?post=12911"},{"taxonomy":"boxes-ages","embeddable":true,"href":"https:\/\/x1eg-staging.duckrabbit.ch\/de\/wp-json\/wp\/v2\/boxes-ages?post=12911"}],"curies":[{"name":"wp","href":"https:\/\/api.w.org\/{rel}","templated":true}]}}