{"id":12874,"date":"2025-02-23T15:42:05","date_gmt":"2025-02-23T15:42:05","guid":{"rendered":"https:\/\/x1eg-staging.duckrabbit.ch\/produit\/dinosaurs-mystic-islands-2\/"},"modified":"2025-06-10T10:33:09","modified_gmt":"2025-06-10T10:33:09","slug":"dinosaurs-mystic-islands-2","status":"publish","type":"product","link":"https:\/\/x1eg-staging.duckrabbit.ch\/de\/produit\/dinosaurs-mystic-islands-2\/","title":{"rendered":"Dinosaurs &#8211; Mystic Islands"},"content":{"rendered":"","protected":false},"excerpt":{"rendered":"<p>Reconstituez les \u00eeles afin de sauver les dinosaures verts !<\/p>\n<p>Concentrez-vous pour recr\u00e9er le monde du jurassique !<\/p>\n<p>Dinosaurs &#8211; Mystic Islands est un jeu au cours duquel vous devrez r\u00e9ussir \u00e0 s\u00e9parer les herbivores verts des carnivores rouges en pla\u00e7ant correctement les tuiles \u00ab \u00celes \u00bb du jeu pour reconstituer les diff\u00e9rents archipels du d\u00e9fi.<\/p>\n<p>80 d\u00e9fis de difficult\u00e9 croissante vous permettront de sauver les brontosaures des tyrannosaures, leurs pr\u00e9dateurs!<\/p>\n","protected":false},"featured_media":2154,"comment_status":"closed","ping_status":"closed","template":"","meta":[],"product_brand":[],"product_cat":[23,28,25],"product_tag":[],"boxes-ages":[],"class_list":{"0":"post-12874","1":"product","2":"type-product","3":"status-publish","4":"has-post-thumbnail","6":"product_cat-fonctions-executives","7":"product_cat-mathematiques-et-logique","8":"product_cat-memoire","10":"first","11":"instock","12":"taxable","13":"shipping-taxable","14":"purchasable","15":"product-type-simple"},"_links":{"self":[{"href":"https:\/\/x1eg-staging.duckrabbit.ch\/de\/wp-json\/wp\/v2\/product\/12874","targetHints":{"allow":["GET"]}}],"collection":[{"href":"https:\/\/x1eg-staging.duckrabbit.ch\/de\/wp-json\/wp\/v2\/product"}],"about":[{"href":"https:\/\/x1eg-staging.duckrabbit.ch\/de\/wp-json\/wp\/v2\/types\/product"}],"replies":[{"embeddable":true,"href":"https:\/\/x1eg-staging.duckrabbit.ch\/de\/wp-json\/wp\/v2\/comments?post=12874"}],"version-history":[{"count":0,"href":"https:\/\/x1eg-staging.duckrabbit.ch\/de\/wp-json\/wp\/v2\/product\/12874\/revisions"}],"wp:featuredmedia":[{"embeddable":true,"href":"https:\/\/x1eg-staging.duckrabbit.ch\/de\/wp-json\/wp\/v2\/media\/2154"}],"wp:attachment":[{"href":"https:\/\/x1eg-staging.duckrabbit.ch\/de\/wp-json\/wp\/v2\/media?parent=12874"}],"wp:term":[{"taxonomy":"product_brand","embeddable":true,"href":"https:\/\/x1eg-staging.duckrabbit.ch\/de\/wp-json\/wp\/v2\/product_brand?post=12874"},{"taxonomy":"product_cat","embeddable":true,"href":"https:\/\/x1eg-staging.duckrabbit.ch\/de\/wp-json\/wp\/v2\/product_cat?post=12874"},{"taxonomy":"product_tag","embeddable":true,"href":"https:\/\/x1eg-staging.duckrabbit.ch\/de\/wp-json\/wp\/v2\/product_tag?post=12874"},{"taxonomy":"boxes-ages","embeddable":true,"href":"https:\/\/x1eg-staging.duckrabbit.ch\/de\/wp-json\/wp\/v2\/boxes-ages?post=12874"}],"curies":[{"name":"wp","href":"https:\/\/api.w.org\/{rel}","templated":true}]}}