{"id":12821,"date":"2025-02-23T15:46:19","date_gmt":"2025-02-23T15:46:19","guid":{"rendered":"https:\/\/x1eg-staging.duckrabbit.ch\/produit\/10-cubes-gigognes-douceur-3\/"},"modified":"2025-06-10T10:33:05","modified_gmt":"2025-06-10T10:33:05","slug":"10-cubes-gigognes-douceur-3","status":"publish","type":"product","link":"https:\/\/x1eg-staging.duckrabbit.ch\/de\/produit\/10-cubes-gigognes-douceur-3\/","title":{"rendered":"10 Cubes Gigognes &#8211; Douceur"},"content":{"rendered":"<p>Avis de l&#8217;expert<br \/>\nLe jeu Cubes Gigognes \u2013 Douceur est un jeu de construction con\u00e7u pour les enfants d\u00e8s 2 ans, offrant une exp\u00e9rience qui \u00e9volue avec leur d\u00e9veloppement cognitif et moteur.<\/p>\n<p>Initialement, il encourage la motricit\u00e9 fine en empilant et en encastrant les cubes, am\u00e9liorant ainsi la coordination et la pr\u00e9cision. Chaque face des cubes pr\u00e9sente des \u00e9l\u00e9ments vari\u00e9s comme des animaux ou des nombres, aidant les enfants \u00e0 apprendre et \u00e0 explorer diff\u00e9rents concepts.<\/p>\n<p>Par la suite, le jeu \u00e9volue vers l&#8217;apprentissage des nombres et des notions de taille. En comparant les cubes et en les ordonnant, les enfants d\u00e9veloppent une compr\u00e9hension intuitive des nombres jusqu&#8217;\u00e0 10.<\/p>\n<p>Cette exp\u00e9rience \u00e9ducative et ludique contribue au d\u00e9veloppement global des enfants d\u00e8s leurs premi\u00e8res ann\u00e9es.<\/p>\n","protected":false},"excerpt":{"rendered":"<p>\u00c9labor\u00e9s pour les petits \u00e0 partir de 2 ans, nos 10 cubes \u00e0 empiler r\u00e9v\u00e8lent de nombreuses surprises sur chaque face : votre enfant va d\u00e9couvrir un animal, un nombre, une activit\u00e9\u2026 Le tout, illustr\u00e9 avec d\u00e9licatesse et douceur.<\/p>\n<p>Empil\u00e9s les uns sur les autres, du plus grand au plus petit, les cubes forment une tour d\u2019environ 87 cm. Creux sur le dessous, ces cubes gigognes aux couleurs toutes douces prennent peu de place quand on les range les uns dans les autres.<\/p>\n<p>Ce jeu de manipulation compos\u00e9 de 10 cubes en carton de taille diff\u00e9rente va aider votre enfant \u00e0 d\u00e9velopper sa coordination main-\u0153il et sa dext\u00e9rit\u00e9. Assembler les cubes sollicite l\u2019attention visuelle et la capacit\u00e9 de concentration.<\/p>\n<p>Ce premier jeu de cubes va accompagner le d\u00e9veloppement de votre petit, et \u00e9voluer avec lui. Au d\u00e9part simple jeu de manipulation, il va se transformer en jeu de construction, puis en jeu d\u2019apprentissage des nombres.<\/p>\n<p>Ce jeu d\u2019\u00e9veil est d\u00e9licatement d\u00e9cor\u00e9 par l\u2019artiste Michelle CARLSLUND. Elle fait partie de la famille VILAC depuis de nombreuses ann\u00e9es, et propose un univers doux et \u00e9l\u00e9gant. Illustratrice ind\u00e9pendante inspir\u00e9e par tout ce qui l\u2019entoure, ses cr\u00e9ations sont tendres et po\u00e9tiques, et son univers enfantin et stylis\u00e9 se marie parfaitement \u00e0 celui de nos jouets.<\/p>\n","protected":false},"featured_media":10417,"comment_status":"closed","ping_status":"closed","template":"","meta":[],"product_brand":[],"product_cat":[23,28,29],"product_tag":[],"boxes-ages":[],"class_list":{"0":"post-12821","1":"product","2":"type-product","3":"status-publish","4":"has-post-thumbnail","6":"product_cat-fonctions-executives","7":"product_cat-mathematiques-et-logique","8":"product_cat-motricite","10":"first","11":"instock","12":"taxable","13":"shipping-taxable","14":"purchasable","15":"product-type-simple"},"_links":{"self":[{"href":"https:\/\/x1eg-staging.duckrabbit.ch\/de\/wp-json\/wp\/v2\/product\/12821","targetHints":{"allow":["GET"]}}],"collection":[{"href":"https:\/\/x1eg-staging.duckrabbit.ch\/de\/wp-json\/wp\/v2\/product"}],"about":[{"href":"https:\/\/x1eg-staging.duckrabbit.ch\/de\/wp-json\/wp\/v2\/types\/product"}],"replies":[{"embeddable":true,"href":"https:\/\/x1eg-staging.duckrabbit.ch\/de\/wp-json\/wp\/v2\/comments?post=12821"}],"version-history":[{"count":0,"href":"https:\/\/x1eg-staging.duckrabbit.ch\/de\/wp-json\/wp\/v2\/product\/12821\/revisions"}],"wp:featuredmedia":[{"embeddable":true,"href":"https:\/\/x1eg-staging.duckrabbit.ch\/de\/wp-json\/wp\/v2\/media\/10417"}],"wp:attachment":[{"href":"https:\/\/x1eg-staging.duckrabbit.ch\/de\/wp-json\/wp\/v2\/media?parent=12821"}],"wp:term":[{"taxonomy":"product_brand","embeddable":true,"href":"https:\/\/x1eg-staging.duckrabbit.ch\/de\/wp-json\/wp\/v2\/product_brand?post=12821"},{"taxonomy":"product_cat","embeddable":true,"href":"https:\/\/x1eg-staging.duckrabbit.ch\/de\/wp-json\/wp\/v2\/product_cat?post=12821"},{"taxonomy":"product_tag","embeddable":true,"href":"https:\/\/x1eg-staging.duckrabbit.ch\/de\/wp-json\/wp\/v2\/product_tag?post=12821"},{"taxonomy":"boxes-ages","embeddable":true,"href":"https:\/\/x1eg-staging.duckrabbit.ch\/de\/wp-json\/wp\/v2\/boxes-ages?post=12821"}],"curies":[{"name":"wp","href":"https:\/\/api.w.org\/{rel}","templated":true}]}}