{"id":12817,"date":"2025-02-23T15:46:19","date_gmt":"2025-02-23T15:46:19","guid":{"rendered":"https:\/\/x1eg-staging.duckrabbit.ch\/produit\/eduludo-formes-3\/"},"modified":"2025-06-10T10:33:04","modified_gmt":"2025-06-10T10:33:04","slug":"eduludo-formes-3","status":"publish","type":"product","link":"https:\/\/x1eg-staging.duckrabbit.ch\/de\/produit\/eduludo-formes-3\/","title":{"rendered":"Eduludo &#8211; Formes"},"content":{"rendered":"","protected":false},"excerpt":{"rendered":"<p>Eduludo &#8211; Forme, un jeu \u00e9ducatif pour initier en douceur les enfants \u00e0 la g\u00e9om\u00e9trie.<\/p>\n<p>Ce jeu \u00e0 difficult\u00e9 croissante permet aux enfants, de 3 \u00e0 6 ans, d&#8217;apprendre les formes tout en s&#8217;amusant. Le principe est simple : r\u00e9soudre des d\u00e9fis en rassemblant des formes afin de reconstituer le dessin pr\u00e9sent sur la planche.<\/p>\n<p>Avec la gamme Eduludo, m\u00e9langez \u00e9ducation et ludique pour une exp\u00e9rience d&#8217;apprentissage enrichissante.<\/p>\n","protected":false},"featured_media":2438,"comment_status":"closed","ping_status":"closed","template":"","meta":[],"product_brand":[],"product_cat":[23,28],"product_tag":[],"boxes-ages":[],"class_list":{"0":"post-12817","1":"product","2":"type-product","3":"status-publish","4":"has-post-thumbnail","6":"product_cat-fonctions-executives","7":"product_cat-mathematiques-et-logique","9":"first","10":"instock","11":"taxable","12":"shipping-taxable","13":"purchasable","14":"product-type-simple"},"_links":{"self":[{"href":"https:\/\/x1eg-staging.duckrabbit.ch\/de\/wp-json\/wp\/v2\/product\/12817","targetHints":{"allow":["GET"]}}],"collection":[{"href":"https:\/\/x1eg-staging.duckrabbit.ch\/de\/wp-json\/wp\/v2\/product"}],"about":[{"href":"https:\/\/x1eg-staging.duckrabbit.ch\/de\/wp-json\/wp\/v2\/types\/product"}],"replies":[{"embeddable":true,"href":"https:\/\/x1eg-staging.duckrabbit.ch\/de\/wp-json\/wp\/v2\/comments?post=12817"}],"version-history":[{"count":0,"href":"https:\/\/x1eg-staging.duckrabbit.ch\/de\/wp-json\/wp\/v2\/product\/12817\/revisions"}],"wp:featuredmedia":[{"embeddable":true,"href":"https:\/\/x1eg-staging.duckrabbit.ch\/de\/wp-json\/wp\/v2\/media\/2438"}],"wp:attachment":[{"href":"https:\/\/x1eg-staging.duckrabbit.ch\/de\/wp-json\/wp\/v2\/media?parent=12817"}],"wp:term":[{"taxonomy":"product_brand","embeddable":true,"href":"https:\/\/x1eg-staging.duckrabbit.ch\/de\/wp-json\/wp\/v2\/product_brand?post=12817"},{"taxonomy":"product_cat","embeddable":true,"href":"https:\/\/x1eg-staging.duckrabbit.ch\/de\/wp-json\/wp\/v2\/product_cat?post=12817"},{"taxonomy":"product_tag","embeddable":true,"href":"https:\/\/x1eg-staging.duckrabbit.ch\/de\/wp-json\/wp\/v2\/product_tag?post=12817"},{"taxonomy":"boxes-ages","embeddable":true,"href":"https:\/\/x1eg-staging.duckrabbit.ch\/de\/wp-json\/wp\/v2\/boxes-ages?post=12817"}],"curies":[{"name":"wp","href":"https:\/\/api.w.org\/{rel}","templated":true}]}}