{"id":12805,"date":"2025-02-23T15:46:40","date_gmt":"2025-02-23T15:46:40","guid":{"rendered":"https:\/\/x1eg-staging.duckrabbit.ch\/produit\/tapis-deveil-aquatique-amis-de-la-foret-2\/"},"modified":"2025-06-10T10:33:03","modified_gmt":"2025-06-10T10:33:03","slug":"tapis-deveil-aquatique-amis-de-la-foret-2","status":"publish","type":"product","link":"https:\/\/x1eg-staging.duckrabbit.ch\/de\/produit\/tapis-deveil-aquatique-amis-de-la-foret-2\/","title":{"rendered":"Tapis d\u2019\u00c9veil Aquatique &#8211; Amis de la For\u00eat"},"content":{"rendered":"","protected":false},"excerpt":{"rendered":"<p>Flic, flac, c\u2019est le jour du bain dans la for\u00eat ! Gr\u00e2ce \u00e0 ce joli tapis d&#8217;\u00e9veil aquatique, les b\u00e9b\u00e9s peuvent d\u00e9couvrir ce qui flotte : des champignons, des noix et des fraises des bois ! Ils sont faciles \u00e0 faire bouger avec la main en \u00e9tant allong\u00e9 sur le ventre. C\u2019est une occupation amusante qui d\u00e9veloppe les capacit\u00e9s motrices de B\u00e9b\u00e9. Le tapis rempli d\u2019eau est recouvert d\u2019une housse en tissu doux sur laquelle les b\u00e9b\u00e9s seront confortablement allong\u00e9s.<\/p>\n","protected":false},"featured_media":2468,"comment_status":"closed","ping_status":"closed","template":"","meta":[],"product_brand":[],"product_cat":[29,30],"product_tag":[],"boxes-ages":[],"class_list":{"0":"post-12805","1":"product","2":"type-product","3":"status-publish","4":"has-post-thumbnail","6":"product_cat-motricite","7":"product_cat-perception","9":"first","10":"instock","11":"taxable","12":"shipping-taxable","13":"purchasable","14":"product-type-simple"},"_links":{"self":[{"href":"https:\/\/x1eg-staging.duckrabbit.ch\/de\/wp-json\/wp\/v2\/product\/12805","targetHints":{"allow":["GET"]}}],"collection":[{"href":"https:\/\/x1eg-staging.duckrabbit.ch\/de\/wp-json\/wp\/v2\/product"}],"about":[{"href":"https:\/\/x1eg-staging.duckrabbit.ch\/de\/wp-json\/wp\/v2\/types\/product"}],"replies":[{"embeddable":true,"href":"https:\/\/x1eg-staging.duckrabbit.ch\/de\/wp-json\/wp\/v2\/comments?post=12805"}],"version-history":[{"count":0,"href":"https:\/\/x1eg-staging.duckrabbit.ch\/de\/wp-json\/wp\/v2\/product\/12805\/revisions"}],"wp:featuredmedia":[{"embeddable":true,"href":"https:\/\/x1eg-staging.duckrabbit.ch\/de\/wp-json\/wp\/v2\/media\/2468"}],"wp:attachment":[{"href":"https:\/\/x1eg-staging.duckrabbit.ch\/de\/wp-json\/wp\/v2\/media?parent=12805"}],"wp:term":[{"taxonomy":"product_brand","embeddable":true,"href":"https:\/\/x1eg-staging.duckrabbit.ch\/de\/wp-json\/wp\/v2\/product_brand?post=12805"},{"taxonomy":"product_cat","embeddable":true,"href":"https:\/\/x1eg-staging.duckrabbit.ch\/de\/wp-json\/wp\/v2\/product_cat?post=12805"},{"taxonomy":"product_tag","embeddable":true,"href":"https:\/\/x1eg-staging.duckrabbit.ch\/de\/wp-json\/wp\/v2\/product_tag?post=12805"},{"taxonomy":"boxes-ages","embeddable":true,"href":"https:\/\/x1eg-staging.duckrabbit.ch\/de\/wp-json\/wp\/v2\/boxes-ages?post=12805"}],"curies":[{"name":"wp","href":"https:\/\/api.w.org\/{rel}","templated":true}]}}