{"id":12749,"date":"2025-02-23T15:49:20","date_gmt":"2025-02-23T15:49:20","guid":{"rendered":"https:\/\/x1eg-staging.duckrabbit.ch\/produit\/draisienne-learn-to-ride-balance-bike-rouge-2\/"},"modified":"2025-06-10T10:32:57","modified_gmt":"2025-06-10T10:32:57","slug":"draisienne-learn-to-ride-balance-bike-rouge-2","status":"publish","type":"product","link":"https:\/\/x1eg-staging.duckrabbit.ch\/de\/produit\/draisienne-learn-to-ride-balance-bike-rouge-2\/","title":{"rendered":"Draisienne &#8211; Learn to Ride Balance Bike  &#8211; Rouge"},"content":{"rendered":"","protected":false},"excerpt":{"rendered":"<p>Pour une aventure sans fin ! La draisienne en li\u00e8ge est con\u00e7ue de mani\u00e8re ergonomique et s\u2019adapte facilement \u00e0 la taille de l\u2019enfant. La selle en li\u00e8ge est \u00e9cologique et confortable, les pneus sont anti-crevaison, solides, durables, flexibles et n\u2019ont pas besoin d\u2019\u00eatre gonfl\u00e9s.<\/p>\n","protected":false},"featured_media":2725,"comment_status":"closed","ping_status":"closed","template":"","meta":[],"product_brand":[],"product_cat":[29],"product_tag":[],"boxes-ages":[],"class_list":{"0":"post-12749","1":"product","2":"type-product","3":"status-publish","4":"has-post-thumbnail","6":"product_cat-motricite","8":"first","9":"instock","10":"taxable","11":"shipping-taxable","12":"purchasable","13":"product-type-simple"},"_links":{"self":[{"href":"https:\/\/x1eg-staging.duckrabbit.ch\/de\/wp-json\/wp\/v2\/product\/12749","targetHints":{"allow":["GET"]}}],"collection":[{"href":"https:\/\/x1eg-staging.duckrabbit.ch\/de\/wp-json\/wp\/v2\/product"}],"about":[{"href":"https:\/\/x1eg-staging.duckrabbit.ch\/de\/wp-json\/wp\/v2\/types\/product"}],"replies":[{"embeddable":true,"href":"https:\/\/x1eg-staging.duckrabbit.ch\/de\/wp-json\/wp\/v2\/comments?post=12749"}],"version-history":[{"count":0,"href":"https:\/\/x1eg-staging.duckrabbit.ch\/de\/wp-json\/wp\/v2\/product\/12749\/revisions"}],"wp:featuredmedia":[{"embeddable":true,"href":"https:\/\/x1eg-staging.duckrabbit.ch\/de\/wp-json\/wp\/v2\/media\/2725"}],"wp:attachment":[{"href":"https:\/\/x1eg-staging.duckrabbit.ch\/de\/wp-json\/wp\/v2\/media?parent=12749"}],"wp:term":[{"taxonomy":"product_brand","embeddable":true,"href":"https:\/\/x1eg-staging.duckrabbit.ch\/de\/wp-json\/wp\/v2\/product_brand?post=12749"},{"taxonomy":"product_cat","embeddable":true,"href":"https:\/\/x1eg-staging.duckrabbit.ch\/de\/wp-json\/wp\/v2\/product_cat?post=12749"},{"taxonomy":"product_tag","embeddable":true,"href":"https:\/\/x1eg-staging.duckrabbit.ch\/de\/wp-json\/wp\/v2\/product_tag?post=12749"},{"taxonomy":"boxes-ages","embeddable":true,"href":"https:\/\/x1eg-staging.duckrabbit.ch\/de\/wp-json\/wp\/v2\/boxes-ages?post=12749"}],"curies":[{"name":"wp","href":"https:\/\/api.w.org\/{rel}","templated":true}]}}