{"id":12738,"date":"2025-02-23T15:49:52","date_gmt":"2025-02-23T15:49:52","guid":{"rendered":"https:\/\/x1eg-staging.duckrabbit.ch\/produit\/porteur-hippo-3\/"},"modified":"2025-06-10T10:32:56","modified_gmt":"2025-06-10T10:32:56","slug":"porteur-hippo-3","status":"publish","type":"product","link":"https:\/\/x1eg-staging.duckrabbit.ch\/de\/produit\/porteur-hippo-3\/","title":{"rendered":"Porteur &#8211; Hippo"},"content":{"rendered":"","protected":false},"excerpt":{"rendered":"<p>Dans l&#x27;esprit des enfants, tout est permis et se balader \u00e0 dos d\u2019hippopotame pourrait tr\u00e8s bien en faire parti avec ce joli porteur en bois ! A vous les premi\u00e8res sorties de b\u00e9b\u00e9 en toute autonomie ou les d\u00e9couvertes \u00e0 la maison en 4 roues. Notre porteur Hippo est id\u00e9al pour d\u00e9velopper la motricit\u00e9 et l\u2019\u00e9quilibre de votre enfant \u00e0 partir de 1 an. Il va petit \u00e0 petit apprendre \u00e0 mieux g\u00e9rer ses appuis tout en d\u00e9couvrant le monde qui l\u2019entoure. Pratique, la t\u00eate de l&#x27;hippo est un petit casier qui lui permettra d\u2019emmener jouets et doudous partout avec lui. Le plus de ce porteur ? C&#x27;est son look tr\u00e8s original ! Notre bel animal et son large sourire donneront envie aux petits de partir \u00e0 l&#x27;aventure. La longue assise en mousse, recouverte d&#x27;un rev\u00eatement imitation cuir jaune est tr\u00e8s confortable. Les poign\u00e9es en silicone et les roues sont assorties \u00e0 cette derni\u00e8re car pour sortir avec style, on ne laisse rien au hasard ! Les poign\u00e9es \u00e0 textur\u00e9es assurent une pr\u00e9hension optimale pour les petites mains des enfants. Enfin, avec ses 4 roues silencieuses en caoutchouc, ce porteur en bois ne marque pas le sol et assure un bon maintien en toute s\u00e9curit\u00e9 !<\/p>\n","protected":false},"featured_media":2737,"comment_status":"closed","ping_status":"closed","template":"","meta":[],"product_brand":[],"product_cat":[29],"product_tag":[],"boxes-ages":[],"class_list":{"0":"post-12738","1":"product","2":"type-product","3":"status-publish","4":"has-post-thumbnail","6":"product_cat-motricite","8":"first","9":"instock","10":"taxable","11":"shipping-taxable","12":"purchasable","13":"product-type-simple"},"_links":{"self":[{"href":"https:\/\/x1eg-staging.duckrabbit.ch\/de\/wp-json\/wp\/v2\/product\/12738","targetHints":{"allow":["GET"]}}],"collection":[{"href":"https:\/\/x1eg-staging.duckrabbit.ch\/de\/wp-json\/wp\/v2\/product"}],"about":[{"href":"https:\/\/x1eg-staging.duckrabbit.ch\/de\/wp-json\/wp\/v2\/types\/product"}],"replies":[{"embeddable":true,"href":"https:\/\/x1eg-staging.duckrabbit.ch\/de\/wp-json\/wp\/v2\/comments?post=12738"}],"version-history":[{"count":0,"href":"https:\/\/x1eg-staging.duckrabbit.ch\/de\/wp-json\/wp\/v2\/product\/12738\/revisions"}],"wp:featuredmedia":[{"embeddable":true,"href":"https:\/\/x1eg-staging.duckrabbit.ch\/de\/wp-json\/wp\/v2\/media\/2737"}],"wp:attachment":[{"href":"https:\/\/x1eg-staging.duckrabbit.ch\/de\/wp-json\/wp\/v2\/media?parent=12738"}],"wp:term":[{"taxonomy":"product_brand","embeddable":true,"href":"https:\/\/x1eg-staging.duckrabbit.ch\/de\/wp-json\/wp\/v2\/product_brand?post=12738"},{"taxonomy":"product_cat","embeddable":true,"href":"https:\/\/x1eg-staging.duckrabbit.ch\/de\/wp-json\/wp\/v2\/product_cat?post=12738"},{"taxonomy":"product_tag","embeddable":true,"href":"https:\/\/x1eg-staging.duckrabbit.ch\/de\/wp-json\/wp\/v2\/product_tag?post=12738"},{"taxonomy":"boxes-ages","embeddable":true,"href":"https:\/\/x1eg-staging.duckrabbit.ch\/de\/wp-json\/wp\/v2\/boxes-ages?post=12738"}],"curies":[{"name":"wp","href":"https:\/\/api.w.org\/{rel}","templated":true}]}}