{"id":12730,"date":"2025-02-23T15:51:10","date_gmt":"2025-02-23T15:51:10","guid":{"rendered":"https:\/\/x1eg-staging.duckrabbit.ch\/produit\/cabanalock-2\/"},"modified":"2025-06-10T10:32:56","modified_gmt":"2025-06-10T10:32:56","slug":"cabanalock-2","status":"publish","type":"product","link":"https:\/\/x1eg-staging.duckrabbit.ch\/de\/produit\/cabanalock-2\/","title":{"rendered":"Cabanalock"},"content":{"rendered":"","protected":false},"excerpt":{"rendered":"<p>Cabanalock est un jeu de manipulation en forme de maison, parfait pour les enfants d\u00e8s 3 ans. Avec ses diff\u00e9rentes serrures, ce plateau leur offre l&#8217;occasion d&#8217;explorer et de ma\u00eetriser l&#8217;ouverture et la fermeture, tout en d\u00e9couvrant l&#8217;histoire de l&#8217;anniversaire du chaton \u00e0 travers les images cach\u00e9es derri\u00e8re chaque porte. Un jeu divertissant qui favorise le d\u00e9veloppement de la motricit\u00e9 fine des enfants.<\/p>\n","protected":false},"featured_media":2760,"comment_status":"closed","ping_status":"closed","template":"","meta":[],"product_brand":[],"product_cat":[29],"product_tag":[],"boxes-ages":[],"class_list":{"0":"post-12730","1":"product","2":"type-product","3":"status-publish","4":"has-post-thumbnail","6":"product_cat-motricite","8":"first","9":"instock","10":"taxable","11":"shipping-taxable","12":"purchasable","13":"product-type-simple"},"_links":{"self":[{"href":"https:\/\/x1eg-staging.duckrabbit.ch\/de\/wp-json\/wp\/v2\/product\/12730","targetHints":{"allow":["GET"]}}],"collection":[{"href":"https:\/\/x1eg-staging.duckrabbit.ch\/de\/wp-json\/wp\/v2\/product"}],"about":[{"href":"https:\/\/x1eg-staging.duckrabbit.ch\/de\/wp-json\/wp\/v2\/types\/product"}],"replies":[{"embeddable":true,"href":"https:\/\/x1eg-staging.duckrabbit.ch\/de\/wp-json\/wp\/v2\/comments?post=12730"}],"version-history":[{"count":0,"href":"https:\/\/x1eg-staging.duckrabbit.ch\/de\/wp-json\/wp\/v2\/product\/12730\/revisions"}],"wp:featuredmedia":[{"embeddable":true,"href":"https:\/\/x1eg-staging.duckrabbit.ch\/de\/wp-json\/wp\/v2\/media\/2760"}],"wp:attachment":[{"href":"https:\/\/x1eg-staging.duckrabbit.ch\/de\/wp-json\/wp\/v2\/media?parent=12730"}],"wp:term":[{"taxonomy":"product_brand","embeddable":true,"href":"https:\/\/x1eg-staging.duckrabbit.ch\/de\/wp-json\/wp\/v2\/product_brand?post=12730"},{"taxonomy":"product_cat","embeddable":true,"href":"https:\/\/x1eg-staging.duckrabbit.ch\/de\/wp-json\/wp\/v2\/product_cat?post=12730"},{"taxonomy":"product_tag","embeddable":true,"href":"https:\/\/x1eg-staging.duckrabbit.ch\/de\/wp-json\/wp\/v2\/product_tag?post=12730"},{"taxonomy":"boxes-ages","embeddable":true,"href":"https:\/\/x1eg-staging.duckrabbit.ch\/de\/wp-json\/wp\/v2\/boxes-ages?post=12730"}],"curies":[{"name":"wp","href":"https:\/\/api.w.org\/{rel}","templated":true}]}}