{"id":12726,"date":"2025-02-23T15:51:10","date_gmt":"2025-02-23T15:51:10","guid":{"rendered":"https:\/\/x1eg-staging.duckrabbit.ch\/produit\/dot-to-dot-lacage-2\/"},"modified":"2025-06-10T10:32:55","modified_gmt":"2025-06-10T10:32:55","slug":"dot-to-dot-lacage-2","status":"publish","type":"product","link":"https:\/\/x1eg-staging.duckrabbit.ch\/de\/produit\/dot-to-dot-lacage-2\/","title":{"rendered":"Dot to Dot &#8211; La\u00e7age"},"content":{"rendered":"","protected":false},"excerpt":{"rendered":"<p>Dot to Dot &#8211; La\u00e7age est un jeu de points \u00e0 relier qui aide les enfants \u00e0 apprendre les chiffres tout en perfectionnant leur motricit\u00e9 fine. En utilisant un lacet color\u00e9 au lieu d&#8217;un crayon, ils passent d&#8217;un trou \u00e0 l&#8217;autre pour cr\u00e9er de superbes images. Les contours color\u00e9s facilitent le choix du bon lacet, r\u00e9v\u00e9lant ainsi une image \u00e0 l&#8217;avant et \u00e0 l&#8217;arri\u00e8re de la carte. Cette activit\u00e9 ludique et \u00e9ducative encourage l&#8217;apprentissage des chiffres tout en favorisant le d\u00e9veloppement des comp\u00e9tences motrices fines.<\/p>\n","protected":false},"featured_media":2758,"comment_status":"closed","ping_status":"closed","template":"","meta":[],"product_brand":[],"product_cat":[28,29],"product_tag":[],"boxes-ages":[],"class_list":{"0":"post-12726","1":"product","2":"type-product","3":"status-publish","4":"has-post-thumbnail","6":"product_cat-mathematiques-et-logique","7":"product_cat-motricite","9":"first","10":"instock","11":"taxable","12":"shipping-taxable","13":"purchasable","14":"product-type-simple"},"_links":{"self":[{"href":"https:\/\/x1eg-staging.duckrabbit.ch\/de\/wp-json\/wp\/v2\/product\/12726","targetHints":{"allow":["GET"]}}],"collection":[{"href":"https:\/\/x1eg-staging.duckrabbit.ch\/de\/wp-json\/wp\/v2\/product"}],"about":[{"href":"https:\/\/x1eg-staging.duckrabbit.ch\/de\/wp-json\/wp\/v2\/types\/product"}],"replies":[{"embeddable":true,"href":"https:\/\/x1eg-staging.duckrabbit.ch\/de\/wp-json\/wp\/v2\/comments?post=12726"}],"version-history":[{"count":0,"href":"https:\/\/x1eg-staging.duckrabbit.ch\/de\/wp-json\/wp\/v2\/product\/12726\/revisions"}],"wp:featuredmedia":[{"embeddable":true,"href":"https:\/\/x1eg-staging.duckrabbit.ch\/de\/wp-json\/wp\/v2\/media\/2758"}],"wp:attachment":[{"href":"https:\/\/x1eg-staging.duckrabbit.ch\/de\/wp-json\/wp\/v2\/media?parent=12726"}],"wp:term":[{"taxonomy":"product_brand","embeddable":true,"href":"https:\/\/x1eg-staging.duckrabbit.ch\/de\/wp-json\/wp\/v2\/product_brand?post=12726"},{"taxonomy":"product_cat","embeddable":true,"href":"https:\/\/x1eg-staging.duckrabbit.ch\/de\/wp-json\/wp\/v2\/product_cat?post=12726"},{"taxonomy":"product_tag","embeddable":true,"href":"https:\/\/x1eg-staging.duckrabbit.ch\/de\/wp-json\/wp\/v2\/product_tag?post=12726"},{"taxonomy":"boxes-ages","embeddable":true,"href":"https:\/\/x1eg-staging.duckrabbit.ch\/de\/wp-json\/wp\/v2\/boxes-ages?post=12726"}],"curies":[{"name":"wp","href":"https:\/\/api.w.org\/{rel}","templated":true}]}}