{"id":12718,"date":"2025-02-23T15:51:51","date_gmt":"2025-02-23T15:51:51","guid":{"rendered":"https:\/\/x1eg-staging.duckrabbit.ch\/produit\/jeu-de-mikado-3\/"},"modified":"2025-06-10T10:32:55","modified_gmt":"2025-06-10T10:32:55","slug":"jeu-de-mikado-3","status":"publish","type":"product","link":"https:\/\/x1eg-staging.duckrabbit.ch\/de\/produit\/jeu-de-mikado-3\/","title":{"rendered":"Jeu de Mikado"},"content":{"rendered":"","protected":false},"excerpt":{"rendered":"<p>D\u00e9j\u00e0 dans la Rome antique on s&#8217;amusait gr\u00e2ce \u00e0 ce jeu d&#8217;adresse unique. Ces mikados de 27 cm sont fabriqu\u00e9s \u00e0 partir d&#8217;un bois dur de haute qualit\u00e9 avec une surface lisse et des extr\u00e9mit\u00e9s parfaites. Seul le talent du joueur sera d\u00e9terminant pour remporter la partie.<br \/>\nFabriqu\u00e9 en Allemagne.<\/p>\n","protected":false},"featured_media":2776,"comment_status":"closed","ping_status":"closed","template":"","meta":[],"product_brand":[],"product_cat":[23,29],"product_tag":[],"boxes-ages":[],"class_list":{"0":"post-12718","1":"product","2":"type-product","3":"status-publish","4":"has-post-thumbnail","6":"product_cat-fonctions-executives","7":"product_cat-motricite","9":"first","10":"instock","11":"taxable","12":"shipping-taxable","13":"purchasable","14":"product-type-simple"},"_links":{"self":[{"href":"https:\/\/x1eg-staging.duckrabbit.ch\/de\/wp-json\/wp\/v2\/product\/12718","targetHints":{"allow":["GET"]}}],"collection":[{"href":"https:\/\/x1eg-staging.duckrabbit.ch\/de\/wp-json\/wp\/v2\/product"}],"about":[{"href":"https:\/\/x1eg-staging.duckrabbit.ch\/de\/wp-json\/wp\/v2\/types\/product"}],"replies":[{"embeddable":true,"href":"https:\/\/x1eg-staging.duckrabbit.ch\/de\/wp-json\/wp\/v2\/comments?post=12718"}],"version-history":[{"count":0,"href":"https:\/\/x1eg-staging.duckrabbit.ch\/de\/wp-json\/wp\/v2\/product\/12718\/revisions"}],"wp:featuredmedia":[{"embeddable":true,"href":"https:\/\/x1eg-staging.duckrabbit.ch\/de\/wp-json\/wp\/v2\/media\/2776"}],"wp:attachment":[{"href":"https:\/\/x1eg-staging.duckrabbit.ch\/de\/wp-json\/wp\/v2\/media?parent=12718"}],"wp:term":[{"taxonomy":"product_brand","embeddable":true,"href":"https:\/\/x1eg-staging.duckrabbit.ch\/de\/wp-json\/wp\/v2\/product_brand?post=12718"},{"taxonomy":"product_cat","embeddable":true,"href":"https:\/\/x1eg-staging.duckrabbit.ch\/de\/wp-json\/wp\/v2\/product_cat?post=12718"},{"taxonomy":"product_tag","embeddable":true,"href":"https:\/\/x1eg-staging.duckrabbit.ch\/de\/wp-json\/wp\/v2\/product_tag?post=12718"},{"taxonomy":"boxes-ages","embeddable":true,"href":"https:\/\/x1eg-staging.duckrabbit.ch\/de\/wp-json\/wp\/v2\/boxes-ages?post=12718"}],"curies":[{"name":"wp","href":"https:\/\/api.w.org\/{rel}","templated":true}]}}