{"id":12706,"date":"2025-02-23T15:51:51","date_gmt":"2025-02-23T15:51:51","guid":{"rendered":"https:\/\/x1eg-staging.duckrabbit.ch\/produit\/jeu-de-lancer-danneaux-avec-6-anneaux-en-sisal-2\/"},"modified":"2025-06-10T10:32:54","modified_gmt":"2025-06-10T10:32:54","slug":"jeu-de-lancer-danneaux-avec-6-anneaux-en-sisal-2","status":"publish","type":"product","link":"https:\/\/x1eg-staging.duckrabbit.ch\/de\/produit\/jeu-de-lancer-danneaux-avec-6-anneaux-en-sisal-2\/","title":{"rendered":"Jeu de Lancer d&rsquo;Anneaux avec 6 Anneaux en Sisal"},"content":{"rendered":"","protected":false},"excerpt":{"rendered":"<p>Une bonne coordination des yeux et du geste mais aussi un peu de chance sont les \u00e9l\u00e9ments indispensables de ce jeu pour toute la famille. Pratique, il peut \u00eatre emport\u00e9 et jou\u00e9 encore et encore n\u2019importe o\u00f9. Ce mod\u00e8le fabriqu\u00e9 en Allemagne, impressionne par son design clair et son<br \/>\nexcellente finition lui apportant une robustesse n\u00e9cessaire \u00e0 ce jeu.<\/p>\n","protected":false},"featured_media":2772,"comment_status":"closed","ping_status":"closed","template":"","meta":[],"product_brand":[],"product_cat":[29],"product_tag":[],"boxes-ages":[],"class_list":{"0":"post-12706","1":"product","2":"type-product","3":"status-publish","4":"has-post-thumbnail","6":"product_cat-motricite","8":"first","9":"instock","10":"taxable","11":"shipping-taxable","12":"purchasable","13":"product-type-simple"},"_links":{"self":[{"href":"https:\/\/x1eg-staging.duckrabbit.ch\/de\/wp-json\/wp\/v2\/product\/12706","targetHints":{"allow":["GET"]}}],"collection":[{"href":"https:\/\/x1eg-staging.duckrabbit.ch\/de\/wp-json\/wp\/v2\/product"}],"about":[{"href":"https:\/\/x1eg-staging.duckrabbit.ch\/de\/wp-json\/wp\/v2\/types\/product"}],"replies":[{"embeddable":true,"href":"https:\/\/x1eg-staging.duckrabbit.ch\/de\/wp-json\/wp\/v2\/comments?post=12706"}],"version-history":[{"count":0,"href":"https:\/\/x1eg-staging.duckrabbit.ch\/de\/wp-json\/wp\/v2\/product\/12706\/revisions"}],"wp:featuredmedia":[{"embeddable":true,"href":"https:\/\/x1eg-staging.duckrabbit.ch\/de\/wp-json\/wp\/v2\/media\/2772"}],"wp:attachment":[{"href":"https:\/\/x1eg-staging.duckrabbit.ch\/de\/wp-json\/wp\/v2\/media?parent=12706"}],"wp:term":[{"taxonomy":"product_brand","embeddable":true,"href":"https:\/\/x1eg-staging.duckrabbit.ch\/de\/wp-json\/wp\/v2\/product_brand?post=12706"},{"taxonomy":"product_cat","embeddable":true,"href":"https:\/\/x1eg-staging.duckrabbit.ch\/de\/wp-json\/wp\/v2\/product_cat?post=12706"},{"taxonomy":"product_tag","embeddable":true,"href":"https:\/\/x1eg-staging.duckrabbit.ch\/de\/wp-json\/wp\/v2\/product_tag?post=12706"},{"taxonomy":"boxes-ages","embeddable":true,"href":"https:\/\/x1eg-staging.duckrabbit.ch\/de\/wp-json\/wp\/v2\/boxes-ages?post=12706"}],"curies":[{"name":"wp","href":"https:\/\/api.w.org\/{rel}","templated":true}]}}