{"id":12698,"date":"2025-02-23T15:52:36","date_gmt":"2025-02-23T15:52:36","guid":{"rendered":"https:\/\/x1eg-staging.duckrabbit.ch\/produit\/les-toupitis-jeu-dengrenages-3\/"},"modified":"2025-06-10T10:32:53","modified_gmt":"2025-06-10T10:32:53","slug":"les-toupitis-jeu-dengrenages-3","status":"publish","type":"product","link":"https:\/\/x1eg-staging.duckrabbit.ch\/de\/produit\/les-toupitis-jeu-dengrenages-3\/","title":{"rendered":"Les Toupitis &#8211; Jeu d&rsquo;Engrenages"},"content":{"rendered":"","protected":false},"excerpt":{"rendered":"<p>Jeu en bois pour d\u00e9couvrir les m\u00e9canismes \u00e0 engrenages. 7 roues crant\u00e9es multicolores \u00e0 positionner au bon endroit sur les piliers en bois. En actionnant la roue jaune avec la poign\u00e9e, l&#8217;ensemble se met \u00e0 tourner dans tous les sens. D\u00e8s 2 ans.<\/p>\n","protected":false},"featured_media":2809,"comment_status":"closed","ping_status":"closed","template":"","meta":[],"product_brand":[],"product_cat":[29],"product_tag":[],"boxes-ages":[],"class_list":{"0":"post-12698","1":"product","2":"type-product","3":"status-publish","4":"has-post-thumbnail","6":"product_cat-motricite","8":"first","9":"instock","10":"taxable","11":"shipping-taxable","12":"purchasable","13":"product-type-simple"},"_links":{"self":[{"href":"https:\/\/x1eg-staging.duckrabbit.ch\/de\/wp-json\/wp\/v2\/product\/12698","targetHints":{"allow":["GET"]}}],"collection":[{"href":"https:\/\/x1eg-staging.duckrabbit.ch\/de\/wp-json\/wp\/v2\/product"}],"about":[{"href":"https:\/\/x1eg-staging.duckrabbit.ch\/de\/wp-json\/wp\/v2\/types\/product"}],"replies":[{"embeddable":true,"href":"https:\/\/x1eg-staging.duckrabbit.ch\/de\/wp-json\/wp\/v2\/comments?post=12698"}],"version-history":[{"count":0,"href":"https:\/\/x1eg-staging.duckrabbit.ch\/de\/wp-json\/wp\/v2\/product\/12698\/revisions"}],"wp:featuredmedia":[{"embeddable":true,"href":"https:\/\/x1eg-staging.duckrabbit.ch\/de\/wp-json\/wp\/v2\/media\/2809"}],"wp:attachment":[{"href":"https:\/\/x1eg-staging.duckrabbit.ch\/de\/wp-json\/wp\/v2\/media?parent=12698"}],"wp:term":[{"taxonomy":"product_brand","embeddable":true,"href":"https:\/\/x1eg-staging.duckrabbit.ch\/de\/wp-json\/wp\/v2\/product_brand?post=12698"},{"taxonomy":"product_cat","embeddable":true,"href":"https:\/\/x1eg-staging.duckrabbit.ch\/de\/wp-json\/wp\/v2\/product_cat?post=12698"},{"taxonomy":"product_tag","embeddable":true,"href":"https:\/\/x1eg-staging.duckrabbit.ch\/de\/wp-json\/wp\/v2\/product_tag?post=12698"},{"taxonomy":"boxes-ages","embeddable":true,"href":"https:\/\/x1eg-staging.duckrabbit.ch\/de\/wp-json\/wp\/v2\/boxes-ages?post=12698"}],"curies":[{"name":"wp","href":"https:\/\/api.w.org\/{rel}","templated":true}]}}