{"id":12623,"date":"2025-02-23T15:54:13","date_gmt":"2025-02-23T15:54:13","guid":{"rendered":"https:\/\/x1eg-staging.duckrabbit.ch\/produit\/puzzle-musical-les-petits-bolides-2\/"},"modified":"2025-06-10T10:32:47","modified_gmt":"2025-06-10T10:32:47","slug":"puzzle-musical-les-petits-bolides-2","status":"publish","type":"product","link":"https:\/\/x1eg-staging.duckrabbit.ch\/de\/produit\/puzzle-musical-les-petits-bolides-2\/","title":{"rendered":"Puzzle Musical &#8211;  Les Petits Bolides"},"content":{"rendered":"","protected":false},"excerpt":{"rendered":"<p>Ce puzzle sonore sur le th\u00e8me des &#8222;Petits Bolides&#8220;, aidera votre enfant \u00e0 reconna\u00eetre les diff\u00e9rents sons des v\u00e9hicules (Klaxon v\u00e9lo, Avion, Voiture, Bateau, Train). En posant la pi\u00e8ce de puzzle \u00e0 la bonne place, le son du v\u00e9hicule correspondant retentit. Puzzle en bois (plywood) avec 5 pi\u00e8ces \u00e0 tenons. Bouton on\/off \u00e0 l&#8217;arri\u00e8re du puzzle.<\/p>\n","protected":false},"featured_media":2950,"comment_status":"closed","ping_status":"closed","template":"","meta":[],"product_brand":[],"product_cat":[28,25,29],"product_tag":[],"boxes-ages":[],"class_list":{"0":"post-12623","1":"product","2":"type-product","3":"status-publish","4":"has-post-thumbnail","6":"product_cat-mathematiques-et-logique","7":"product_cat-memoire","8":"product_cat-motricite","10":"first","11":"instock","12":"taxable","13":"shipping-taxable","14":"purchasable","15":"product-type-simple"},"_links":{"self":[{"href":"https:\/\/x1eg-staging.duckrabbit.ch\/de\/wp-json\/wp\/v2\/product\/12623","targetHints":{"allow":["GET"]}}],"collection":[{"href":"https:\/\/x1eg-staging.duckrabbit.ch\/de\/wp-json\/wp\/v2\/product"}],"about":[{"href":"https:\/\/x1eg-staging.duckrabbit.ch\/de\/wp-json\/wp\/v2\/types\/product"}],"replies":[{"embeddable":true,"href":"https:\/\/x1eg-staging.duckrabbit.ch\/de\/wp-json\/wp\/v2\/comments?post=12623"}],"version-history":[{"count":0,"href":"https:\/\/x1eg-staging.duckrabbit.ch\/de\/wp-json\/wp\/v2\/product\/12623\/revisions"}],"wp:featuredmedia":[{"embeddable":true,"href":"https:\/\/x1eg-staging.duckrabbit.ch\/de\/wp-json\/wp\/v2\/media\/2950"}],"wp:attachment":[{"href":"https:\/\/x1eg-staging.duckrabbit.ch\/de\/wp-json\/wp\/v2\/media?parent=12623"}],"wp:term":[{"taxonomy":"product_brand","embeddable":true,"href":"https:\/\/x1eg-staging.duckrabbit.ch\/de\/wp-json\/wp\/v2\/product_brand?post=12623"},{"taxonomy":"product_cat","embeddable":true,"href":"https:\/\/x1eg-staging.duckrabbit.ch\/de\/wp-json\/wp\/v2\/product_cat?post=12623"},{"taxonomy":"product_tag","embeddable":true,"href":"https:\/\/x1eg-staging.duckrabbit.ch\/de\/wp-json\/wp\/v2\/product_tag?post=12623"},{"taxonomy":"boxes-ages","embeddable":true,"href":"https:\/\/x1eg-staging.duckrabbit.ch\/de\/wp-json\/wp\/v2\/boxes-ages?post=12623"}],"curies":[{"name":"wp","href":"https:\/\/api.w.org\/{rel}","templated":true}]}}